{"id":8745,"date":"2023-06-26T19:24:26","date_gmt":"2023-06-27T01:24:26","guid":{"rendered":"https:\/\/www.ramoslaw.com\/?page_id=8745"},"modified":"2025-10-22T22:42:17","modified_gmt":"2025-10-23T04:42:17","slug":"lesion-cerebral-2","status":"publish","type":"page","link":"https:\/\/www.ramoslaw.com\/es\/denver-wheat-ridge\/brain-injury\/","title":{"rendered":"Lesi\u00f3n cerebral en Wheat Ridge"},"content":{"rendered":"<div data-elementor-type=\"wp-page\" data-elementor-id=\"8745\" class=\"elementor elementor-8745\" data-elementor-post-type=\"page\">\n\t\t\t\t\t\t<section class=\"elementor-section elementor-top-section elementor-element elementor-element-22bca8bb elementor-section-full_width elementor-section-height-default elementor-section-height-default\" data-id=\"22bca8bb\" data-element_type=\"section\" data-e-type=\"section\">\n\t\t\t\t\t\t<div class=\"elementor-container elementor-column-gap-no\">\n\t\t\t\t\t<div class=\"elementor-column elementor-col-100 elementor-top-column elementor-element elementor-element-2d1df619\" data-id=\"2d1df619\" data-element_type=\"column\" data-e-type=\"column\">\n\t\t\t<div class=\"elementor-widget-wrap elementor-element-populated\">\n\t\t\t\t\t\t<div class=\"elementor-element elementor-element-2df3207b elementor-widget elementor-widget-hero\" data-id=\"2df3207b\" data-element_type=\"widget\" data-e-type=\"widget\" data-widget_type=\"hero.default\">\n\t\t\t\t<div class=\"elementor-widget-container\">\n\t\t\t\t\t<div class=\"clix-hero\" style=\"background-image: url(http:\/\/www.ramoslaw.com\/wp-content\/uploads\/2022\/01\/internal-banner-brain.jpeg);\"><div class=\"clix-hero__overlay\"><\/div><div class=\"clix-hero__content-container\"><h1><span class=\"clix-hero__prefix\">Wheat Ridge, CO<\/span> <span > Abogados de lesiones cerebrales<\/span><\/h1>\t\t\t\t\t<p >Llama en cualquier momento, 24\/7<\/p>\n\t\t\t\t\t<a class=\"clix-hero__link\" href=\"\/es\/contacto\/\">Hable con nosotros hoy<\/a><\/div><div class=\"clix-hero__phone-container clix-hero__phone-container--single\"><div class=\"clix-hero__phone\"><p class=\"clix-hero__phone-location\">Wheat Ridge<\/p><a aria-label=\"Cresta de trigo: 720-580-8333\" href=\"tel:720-580-8333\" class=\"clix-hero__phone-number\">(720) 580-8333<\/a><\/div><\/div><\/div><div class=\"breadcrumb-container-cls\" ><nav aria-label=\"pan rallado\" class=\"rank-math-breadcrumb\"><p><span class=\"last\">Hogar<\/span><\/p><\/nav><\/div>\t\t\t\t<\/div>\n\t\t\t\t<\/div>\n\t\t\t\t\t<\/div>\n\t\t<\/div>\n\t\t\t\t\t<\/div>\n\t\t<\/section>\n\t\t\t\t<section class=\"elementor-section elementor-top-section elementor-element elementor-element-4f42cb1 elementor-section-content-middle elementor-section-boxed elementor-section-height-default elementor-section-height-default\" data-id=\"4f42cb1\" data-element_type=\"section\" data-e-type=\"section\" data-settings=\"{&quot;background_background&quot;:&quot;classic&quot;}\">\n\t\t\t\t\t\t<div class=\"elementor-container elementor-column-gap-default\">\n\t\t\t\t\t<div class=\"elementor-column elementor-col-100 elementor-top-column elementor-element elementor-element-b7266bf\" data-id=\"b7266bf\" data-element_type=\"column\" data-e-type=\"column\" data-settings=\"{&quot;background_background&quot;:&quot;classic&quot;}\">\n\t\t\t<div class=\"elementor-widget-wrap elementor-element-populated\">\n\t\t\t\t\t\t<div class=\"elementor-element elementor-element-e2ead83 elementor-widget elementor-widget-text-editor\" data-id=\"e2ead83\" data-element_type=\"widget\" data-e-type=\"widget\" data-widget_type=\"text-editor.default\">\n\t\t\t\t<div class=\"elementor-widget-container\">\n\t\t\t\t\t\t\t\t\t<p style=\"text-align: center;\"><strong>DIRECCI\u00d3N<\/strong>:4765 Independence St Suite A, Wheat Ridge, CO 80033.\u00a0<\/p>\t\t\t\t\t\t\t\t<\/div>\n\t\t\t\t<\/div>\n\t\t\t\t\t<\/div>\n\t\t<\/div>\n\t\t\t\t\t<\/div>\n\t\t<\/section>\n\t\t\t\t<section class=\"elementor-section elementor-top-section elementor-element elementor-element-4422673d elementor-section-boxed elementor-section-height-default elementor-section-height-default\" data-id=\"4422673d\" data-element_type=\"section\" data-e-type=\"section\">\n\t\t\t\t\t\t<div class=\"elementor-container elementor-column-gap-default\">\n\t\t\t\t\t<div class=\"elementor-column elementor-col-66 elementor-top-column elementor-element elementor-element-41dbe1f2\" data-id=\"41dbe1f2\" data-element_type=\"column\" data-e-type=\"column\" data-settings=\"{&quot;background_background&quot;:&quot;classic&quot;}\">\n\t\t\t<div class=\"elementor-widget-wrap elementor-element-populated\">\n\t\t\t\t\t\t<div class=\"elementor-element elementor-element-7956cfeb elementor-widget elementor-widget-text-editor\" data-id=\"7956cfeb\" data-element_type=\"widget\" data-e-type=\"widget\" data-widget_type=\"text-editor.default\">\n\t\t\t\t<div class=\"elementor-widget-container\">\n\t\t\t\t\t\t\t\t\t<h2>Abogados de lesiones cerebrales traum\u00e1ticas en Wheat Ridge<\/h2><p>Los abogados de lesiones cerebrales de Ramos Law en Wheat Ridge, Colorado, pueden ayudarlo si sufri\u00f3 una lesi\u00f3n cerebral traum\u00e1tica (LCT) debido a la irresponsabilidad de otra persona. Una lesi\u00f3n cerebral traum\u00e1tica ocurre despu\u00e9s de un golpe, sacudida o penetraci\u00f3n que interfiere con la funci\u00f3n cerebral y puede tener ramificaciones a largo plazo.<\/p><p>Si el descuido de otra persona provoc\u00f3 su lesi\u00f3n, podr\u00eda tener la opci\u00f3n de presentar una demanda contra la empresa o el propietario responsable. Nuestro equipo de expertos<a href=\"https:\/\/www.ramoslaw.com\/es\/cresta-de-trigo-de-denver\/\"> De abogados de lesiones personales en Wheat Ridge<\/a> En Ramos Law contamos con amplia experiencia en el manejo de casos de traumatismo craneoencef\u00e1lico. Estamos listos para defender su derecho a una compensaci\u00f3n econ\u00f3mica.<\/p><p><a href=\"https:\/\/www.ramoslaw.com\/es\/contacto\/\">Cont\u00e1ctanos<\/a> hoy para una consulta gratuita y sin compromiso.<\/p><h3>\u00bfCu\u00e1les son las principales causas de las lesiones cerebrales traum\u00e1ticas?<\/h3><p>Todas las lesiones cerebrales traum\u00e1ticas, independientemente de su gravedad, pueden causar consecuencias negativas a largo plazo.<a href=\"https:\/\/www.cdc.gov\/\" target=\"_blank\" rel=\"noopener\"> Centros para el Control y la Prevenci\u00f3n de Enfermedades (CDC)<\/a> Los informes indican que las principales causas de las lesiones cerebrales traum\u00e1ticas incluyen:<\/p><ol><li aria-level=\"1\">Resbalones y ca\u00eddas<\/li><li aria-level=\"1\">Traumatismos contundentes no intencionados<\/li><li aria-level=\"1\">Accidentes de tr\u00e1fico<\/li><li aria-level=\"1\">Agresiones<\/li><li aria-level=\"1\">Deportes de secundaria, principalmente f\u00fatbol americano, f\u00fatbol y hockey sobre hielo.<\/li><\/ol><h3>\u00bfQu\u00e9 diferencia a nuestros abogados especializados en lesiones cerebrales traum\u00e1ticas en Wheat Ridge?<\/h3><p>Si enfrenta una situaci\u00f3n de inestabilidad financiera debido a la p\u00e9rdida de trabajo, facturas m\u00e9dicas y recuperaci\u00f3n, nuestros abogados especializados en lesiones cerebrales de Wheat Ridge pueden ayudarlo. Dedicaremos nuestro tiempo y recursos a su caso y nos ocuparemos de los detalles para que usted pueda concentrarse en su recuperaci\u00f3n.<\/p><p>Nuestro fundador,<a href=\"https:\/\/www.ramoslaw.com\/es\/nuestro-equipo\/abogados\/dr-joseph-ramos\/\"> El Dr. Joseph Ramos<\/a>, es m\u00e9dico especialista en medicina de urgencias y abogado. Cuenta con amplia experiencia en la orientaci\u00f3n en el tratamiento de pacientes que han sufrido lesiones cerebrales a causa de accidentes. Su decisi\u00f3n de estudiar derecho estuvo motivada por el deseo de ofrecer orientaci\u00f3n legal a todas las v\u00edctimas y perjudicados.<\/p><p>Dirigido por el Dr. Ramos, nuestro equipo de abogados especializados en lesiones cerebrales traum\u00e1ticas en Wheat Ridge comprende completamente su caso desde una perspectiva legal y m\u00e9dica. Tenga la seguridad de que haremos el m\u00e1ximo esfuerzo para asegurar un resultado favorable para usted.<\/p><h3>Da\u00f1os por TCE disponibles<\/h3><p>Al determinar los da\u00f1os que recibir\u00e1, el tribunal examina los hechos de su caso. Por lo general, puede solicitar da\u00f1os que cubran lo siguiente:<\/p><ul><li aria-level=\"1\">P\u00e9rdida de salario o capacidad de ingresos limitada<\/li><li aria-level=\"1\">Da\u00f1os a la propiedad, como reparaciones o reemplazos de veh\u00edculos.<\/li><li aria-level=\"1\">Gastos m\u00e9dicos, como gastos de vida asistida y medicamentos.<\/li><li aria-level=\"1\">P\u00e9rdida del disfrute de la vida<\/li><li aria-level=\"1\">Dolor y sufrimiento<\/li><li aria-level=\"1\">Angustia emocional<\/li><\/ul><p>En Colorado, si alguien es excepcionalmente negligente, se le puede exigir que pague da\u00f1os punitivos. Estos da\u00f1os castigan a la parte responsable y disuaden a otros de comportarse de manera similar. Es importante tener en cuenta que los da\u00f1os punitivos otorgados no pueden ser superiores a los da\u00f1os compensatorios.<\/p><h3>Comun\u00edquese con nuestros abogados especializados en lesiones cerebrales en Wheat Ridge, CO<\/h3><p>Si usted o alguien que conoce ha sufrido una lesi\u00f3n cerebral traum\u00e1tica debido a la negligencia de otra persona, comun\u00edquese con nuestros abogados especializados en lesiones cerebrales en Wheat Ridge, Colorado. En Ramos Law, somos conocidos por nuestra honestidad, trabajo duro, imparcialidad e integridad y priorizamos a cada cliente.<\/p><p>Nos comprometemos a defender sus derechos y garantizar una compensaci\u00f3n justa. No dude en comunicarse con nosotros para obtener ayuda.<\/p>\t\t\t\t\t\t\t\t<\/div>\n\t\t\t\t<\/div>\n\t\t\t\t<div class=\"elementor-element elementor-element-a744c4c elementor-widget elementor-widget-button\" data-id=\"a744c4c\" data-element_type=\"widget\" data-e-type=\"widget\" data-widget_type=\"button.default\">\n\t\t\t\t<div class=\"elementor-widget-container\">\n\t\t\t\t\t\t\t\t\t<div class=\"elementor-button-wrapper\">\n\t\t\t\t\t<a class=\"elementor-button elementor-button-link elementor-size-sm\" href=\"\/es\/contacto\/\">\n\t\t\t\t\t\t<span class=\"elementor-button-content-wrapper\">\n\t\t\t\t\t\t\t\t\t<span class=\"elementor-button-text\">Hable con nosotros hoy<\/span>\n\t\t\t\t\t<\/span>\n\t\t\t\t\t<\/a>\n\t\t\t\t<\/div>\n\t\t\t\t\t\t\t\t<\/div>\n\t\t\t\t<\/div>\n\t\t\t\t<div class=\"elementor-element elementor-element-ca27d3b elementor-widget elementor-widget-html\" data-id=\"ca27d3b\" data-element_type=\"widget\" data-e-type=\"widget\" data-widget_type=\"html.default\">\n\t\t\t\t<div class=\"elementor-widget-container\">\n\t\t\t\t\t<iframe src=\"https:\/\/www.google.com\/maps\/embed?pb=!1m18!1m12!1m3!1d3066.051482989552!2d-105.1052683!3d39.7834!2m3!1f0!2f0!3f0!3m2!1i1024!2i768!4f13.1!3m3!1m2!1s0x876c792c31351e3f%3A0xaaff1c11bb75f79d!2sRamos%20Law!5e0!3m2!1sen!2sus!4v1747262646843!5m2!1sen!2sus\" width=\"600\" height=\"350\" style=\"border:0;\" allowfullscreen=\"\" loading=\"lazy\" referrerpolicy=\"no-referrer-when-downgrade\"><\/iframe>\t\t\t\t<\/div>\n\t\t\t\t<\/div>\n\t\t\t\t\t<\/div>\n\t\t<\/div>\n\t\t\t\t<div class=\"elementor-column elementor-col-33 elementor-top-column elementor-element elementor-element-4167084\" data-id=\"4167084\" data-element_type=\"column\" data-e-type=\"column\">\n\t\t\t<div class=\"elementor-widget-wrap elementor-element-populated\">\n\t\t\t\t\t\t<section class=\"elementor-section elementor-inner-section elementor-element elementor-element-c3fe5fd sidebar-form elementor-section-boxed elementor-section-height-default elementor-section-height-default\" data-id=\"c3fe5fd\" data-element_type=\"section\" data-e-type=\"section\" data-settings=\"{&quot;background_background&quot;:&quot;classic&quot;}\">\n\t\t\t\t\t\t<div class=\"elementor-container elementor-column-gap-default\">\n\t\t\t\t\t<div class=\"elementor-column elementor-col-100 elementor-inner-column elementor-element elementor-element-743b81eb\" data-id=\"743b81eb\" data-element_type=\"column\" data-e-type=\"column\">\n\t\t\t<div class=\"elementor-widget-wrap elementor-element-populated\">\n\t\t\t\t\t\t<div class=\"elementor-element elementor-element-16747c84 elementor-widget elementor-widget-text-editor\" data-id=\"16747c84\" data-element_type=\"widget\" data-e-type=\"widget\" data-widget_type=\"text-editor.default\">\n\t\t\t\t<div class=\"elementor-widget-container\">\n\t\t\t\t\t\t\t\t\t<p>\u00bfNecesita asesoramiento de abogados expertos?<\/p>\t\t\t\t\t\t\t\t<\/div>\n\t\t\t\t<\/div>\n\t\t\t\t<div class=\"elementor-element elementor-element-5d363cd4 elementor-widget elementor-widget-text-editor\" data-id=\"5d363cd4\" data-element_type=\"widget\" data-e-type=\"widget\" data-widget_type=\"text-editor.default\">\n\t\t\t\t<div class=\"elementor-widget-container\">\n\t\t\t\t\t\t\t\t\t<p><strong>Consulta gratuita sobre lesiones cerebrales y accidentes<\/strong><\/p>\t\t\t\t\t\t\t\t<\/div>\n\t\t\t\t<\/div>\n\t\t\t\t<div class=\"elementor-element elementor-element-3c6fa55 elementor-widget elementor-widget-template\" data-id=\"3c6fa55\" data-element_type=\"widget\" data-e-type=\"widget\" data-widget_type=\"template.default\">\n\t\t\t\t<div class=\"elementor-widget-container\">\n\t\t\t\t\t\t\t<div class=\"elementor-template\">\n\t\t\t\t\t<div data-elementor-type=\"section\" data-elementor-id=\"7616\" class=\"elementor elementor-7616\" data-elementor-post-type=\"elementor_library\">\n\t\t\t\t\t<section class=\"elementor-section elementor-top-section elementor-element elementor-element-8e67607 elementor-section-full_width elementor-section-height-default elementor-section-height-default\" data-id=\"8e67607\" data-element_type=\"section\" data-e-type=\"section\">\n\t\t\t\t\t\t<div class=\"elementor-container elementor-column-gap-no\">\n\t\t\t\t\t<div class=\"elementor-column elementor-col-100 elementor-top-column elementor-element elementor-element-fb487c6\" data-id=\"fb487c6\" data-element_type=\"column\" data-e-type=\"column\">\n\t\t\t<div class=\"elementor-widget-wrap elementor-element-populated\">\n\t\t\t\t\t\t<div class=\"elementor-element elementor-element-0f89f6f elementor-widget elementor-widget-html\" data-id=\"0f89f6f\" data-element_type=\"widget\" data-e-type=\"widget\" data-widget_type=\"html.default\">\n\t\t\t\t<div class=\"elementor-widget-container\">\n\t\t\t\t\t<script type=\"text\/javascript\" src=\"https:\/\/ramoslaw-smspi.formstack.com\/forms\/js.php\/ramos_law_free_case_evaluation_request\"><\/script><noscript><a href=\"https:\/\/ramoslaw-smspi.formstack.com\/forms\/ramos_law_free_case_evaluation_request\" title=\"Formulario en l\u00ednea\" target=\"_blank\" rel=\"noopener\">Formulario en l\u00ednea - Ramos Law: Solicitud de evaluaci\u00f3n gratuita de casos<\/a><\/noscript>\t\t\t\t<\/div>\n\t\t\t\t<\/div>\n\t\t\t\t\t<\/div>\n\t\t<\/div>\n\t\t\t\t\t<\/div>\n\t\t<\/section>\n\t\t\t\t<\/div>\n\t\t\t\t<\/div>\n\t\t\t\t\t\t<\/div>\n\t\t\t\t<\/div>\n\t\t\t\t\t<\/div>\n\t\t<\/div>\n\t\t\t\t\t<\/div>\n\t\t<\/section>\n\t\t\t\t<section class=\"elementor-section elementor-inner-section elementor-element elementor-element-39166256 custom-posts elementor-section-boxed elementor-section-height-default elementor-section-height-default\" data-id=\"39166256\" data-element_type=\"section\" data-e-type=\"section\">\n\t\t\t\t\t\t<div class=\"elementor-container elementor-column-gap-no\">\n\t\t\t\t\t<div class=\"elementor-column elementor-col-100 elementor-inner-column elementor-element elementor-element-4636d230\" data-id=\"4636d230\" data-element_type=\"column\" data-e-type=\"column\">\n\t\t\t<div class=\"elementor-widget-wrap elementor-element-populated\">\n\t\t\t\t\t\t<div class=\"elementor-element elementor-element-d310783 elementor-widget elementor-widget-shortcode\" data-id=\"d310783\" data-element_type=\"widget\" data-e-type=\"widget\" data-widget_type=\"shortcode.default\">\n\t\t\t\t<div class=\"elementor-widget-container\">\n\t\t\t\t\t\t\t<div class=\"elementor-shortcode\"><div data-src=\"https:\/\/cdn.trustindex.io\/loader.js?22c3487467a43411d9860b855a1\"><\/div><\/div>\n\t\t\t\t\t\t<\/div>\n\t\t\t\t<\/div>\n\t\t\t\t<div class=\"elementor-element elementor-element-297eeca1 elementor-widget elementor-widget-heading\" data-id=\"297eeca1\" data-element_type=\"widget\" data-e-type=\"widget\" data-widget_type=\"heading.default\">\n\t\t\t\t<div class=\"elementor-widget-container\">\n\t\t\t\t\t<h4 class=\"elementor-heading-title elementor-size-default\">Publicaciones relacionadas<\/h4>\t\t\t\t<\/div>\n\t\t\t\t<\/div>\n\t\t\t\t<div class=\"elementor-element elementor-element-6244370e elementor-grid-1 elementor-posts--align-left elementor-grid-tablet-2 elementor-grid-mobile-1 elementor-posts--thumbnail-top elementor-card-shadow-yes elementor-posts__hover-gradient elementor-widget elementor-widget-posts\" data-id=\"6244370e\" data-element_type=\"widget\" data-e-type=\"widget\" data-settings=\"{&quot;cards_columns&quot;:&quot;1&quot;,&quot;cards_columns_tablet&quot;:&quot;2&quot;,&quot;cards_columns_mobile&quot;:&quot;1&quot;,&quot;cards_row_gap&quot;:{&quot;unit&quot;:&quot;px&quot;,&quot;size&quot;:35,&quot;sizes&quot;:[]},&quot;cards_row_gap_tablet&quot;:{&quot;unit&quot;:&quot;px&quot;,&quot;size&quot;:&quot;&quot;,&quot;sizes&quot;:[]},&quot;cards_row_gap_mobile&quot;:{&quot;unit&quot;:&quot;px&quot;,&quot;size&quot;:&quot;&quot;,&quot;sizes&quot;:[]}}\" data-widget_type=\"posts.cards\">\n\t\t\t\t<div class=\"elementor-widget-container\">\n\t\t\t\t\t\t\t<div class=\"elementor-posts-container elementor-posts elementor-posts--skin-cards elementor-grid\" role=\"list\">\n\t\t\t\t<article class=\"elementor-post elementor-grid-item post-12009 post type-post status-publish format-standard has-post-thumbnail hentry category-personal-injury tag-brain-injury tag-brain-injury-lawyer\" role=\"listitem\">\n\t\t\t<div class=\"elementor-post__card\">\n\t\t\t\t<a class=\"elementor-post__thumbnail__link\" href=\"https:\/\/www.ramoslaw.com\/es\/how-brain-injury-diagnosis-has-changed\/\" tabindex=\"-1\"><div class=\"elementor-post__thumbnail\"><img fetchpriority=\"high\" decoding=\"async\" width=\"300\" height=\"200\" src=\"https:\/\/www.ramoslaw.com\/wp-content\/uploads\/2025\/05\/ChatGPT-Image-May-22-2025-04_58_30-PM-300x200.png\" class=\"attachment-medium size-medium wp-image-12011\" alt=\"\" srcset=\"https:\/\/www.ramoslaw.com\/wp-content\/uploads\/2025\/05\/ChatGPT-Image-May-22-2025-04_58_30-PM-300x200.png 300w, https:\/\/www.ramoslaw.com\/wp-content\/uploads\/2025\/05\/ChatGPT-Image-May-22-2025-04_58_30-PM-1024x683.png 1024w, https:\/\/www.ramoslaw.com\/wp-content\/uploads\/2025\/05\/ChatGPT-Image-May-22-2025-04_58_30-PM-768x512.png 768w, https:\/\/www.ramoslaw.com\/wp-content\/uploads\/2025\/05\/ChatGPT-Image-May-22-2025-04_58_30-PM-18x12.png 18w, https:\/\/www.ramoslaw.com\/wp-content\/uploads\/2025\/05\/ChatGPT-Image-May-22-2025-04_58_30-PM.png 1536w\" sizes=\"(max-width: 300px) 100vw, 300px\" \/><\/div><\/a>\n\t\t\t\t<div class=\"elementor-post__text\">\n\t\t\t\t<h4 class=\"elementor-post__title\">\n\t\t\t<a href=\"https:\/\/www.ramoslaw.com\/es\/how-brain-injury-diagnosis-has-changed\/\">\n\t\t\t\tC\u00f3mo ha cambiado el diagn\u00f3stico de lesiones cerebrales despu\u00e9s de 50 a\u00f1os: explicaci\u00f3n del nuevo sistema de clasificaci\u00f3n de TCE de 2024\t\t\t<\/a>\n\t\t<\/h4>\n\t\t\t\t<div class=\"elementor-post__excerpt\">\n\t\t\t<p>\u00bfQu\u00e9 es el nuevo marco diagn\u00f3stico de TCE? Durante d\u00e9cadas, las lesiones cerebrales traum\u00e1ticas (TCE) se diagnosticaron mediante un amplio sistema de tres niveles: leve, moderado o grave. Aunque familiar,<\/p>\n\t\t<\/div>\n\t\t\n\t\t<a class=\"elementor-post__read-more\" href=\"https:\/\/www.ramoslaw.com\/es\/how-brain-injury-diagnosis-has-changed\/\" aria-label=\"Lea m\u00e1s sobre c\u00f3mo cambi\u00f3 el diagn\u00f3stico de lesiones cerebrales despu\u00e9s de 50 a\u00f1os: explicaci\u00f3n del nuevo sistema de clasificaci\u00f3n de TCE de 2024\" tabindex=\"-1\">\n\t\t\tLeer m\u00e1s\t\t<\/a>\n\n\t\t\t\t<\/div>\n\t\t\t\t<div class=\"elementor-post__meta-data\">\n\t\t\t\t\t<span class=\"elementor-post-date\">\n\t\t\t22 de mayo de 2025\t\t<\/span>\n\t\t\t\t<\/div>\n\t\t\t\t\t<\/div>\n\t\t<\/article>\n\t\t\t\t<\/div>\n\t\t\n\t\t\t\t\t\t<\/div>\n\t\t\t\t<\/div>\n\t\t\t\t\t<\/div>\n\t\t<\/div>\n\t\t\t\t\t<\/div>\n\t\t<\/section>\n\t\t\t\t\t<\/div>\n\t\t<\/div>\n\t\t\t\t\t<\/div>\n\t\t<\/section>\n\t\t\t\t<section class=\"elementor-section elementor-top-section elementor-element elementor-element-51d469aa elementor-section-content-middle elementor-section-boxed elementor-section-height-default elementor-section-height-default\" data-id=\"51d469aa\" data-element_type=\"section\" data-e-type=\"section\" data-settings=\"{&quot;background_background&quot;:&quot;classic&quot;}\">\n\t\t\t\t\t\t<div class=\"elementor-container elementor-column-gap-default\">\n\t\t\t\t\t<div class=\"elementor-column elementor-col-50 elementor-top-column elementor-element elementor-element-2fbd6071\" data-id=\"2fbd6071\" data-element_type=\"column\" data-e-type=\"column\" data-settings=\"{&quot;background_background&quot;:&quot;classic&quot;}\">\n\t\t\t<div class=\"elementor-widget-wrap elementor-element-populated\">\n\t\t\t\t\t\t<div class=\"elementor-element elementor-element-65130b61 elementor-widget elementor-widget-dual-headline\" data-id=\"65130b61\" data-element_type=\"widget\" data-e-type=\"widget\" data-widget_type=\"dual-headline.default\">\n\t\t\t\t<div class=\"elementor-widget-container\">\n\t\t\t\t\t<h3 id=\"\" class=\"elementor-heading-title clix-dual-headline emphasis-part-1 layout-inline h3\"><span class=\"part-1\">\u00bfHas resultado<\/span> <span class=\"part-2\">Herido en una lesi\u00f3n cerebral?<\/span><\/h3>\t\t\t\t<\/div>\n\t\t\t\t<\/div>\n\t\t\t\t\t<\/div>\n\t\t<\/div>\n\t\t\t\t<div class=\"elementor-column elementor-col-50 elementor-top-column elementor-element elementor-element-4f8031e7\" data-id=\"4f8031e7\" data-element_type=\"column\" data-e-type=\"column\" data-settings=\"{&quot;background_background&quot;:&quot;classic&quot;}\">\n\t\t\t<div class=\"elementor-widget-wrap elementor-element-populated\">\n\t\t\t\t\t\t<div class=\"elementor-element elementor-element-1285591f elementor-align-center elementor-widget elementor-widget-button\" data-id=\"1285591f\" data-element_type=\"widget\" data-e-type=\"widget\" data-widget_type=\"button.default\">\n\t\t\t\t<div class=\"elementor-widget-container\">\n\t\t\t\t\t\t\t\t\t<div class=\"elementor-button-wrapper\">\n\t\t\t\t\t<a class=\"elementor-button elementor-button-link elementor-size-sm\" href=\"\/es\/contacto\/\">\n\t\t\t\t\t\t<span class=\"elementor-button-content-wrapper\">\n\t\t\t\t\t\t\t\t\t<span class=\"elementor-button-text\">\u00a1Ponte en contacto con nosotros!<\/span>\n\t\t\t\t\t<\/span>\n\t\t\t\t\t<\/a>\n\t\t\t\t<\/div>\n\t\t\t\t\t\t\t\t<\/div>\n\t\t\t\t<\/div>\n\t\t\t\t\t<\/div>\n\t\t<\/div>\n\t\t\t\t\t<\/div>\n\t\t<\/section>\n\t\t\t\t<\/div>","protected":false},"excerpt":{"rendered":"<p>Comun\u00edquese con los abogados de lesiones cerebrales de Ramos Law en Wheat Ridge para analizar su caso si usted o su ser querido ha sufrido una lesi\u00f3n cerebral traum\u00e1tica debido a la negligencia de otra persona.<\/p>","protected":false},"author":12,"featured_media":1720,"parent":4311,"menu_order":1,"comment_status":"closed","ping_status":"closed","template":"","meta":{"footnotes":""},"class_list":["post-8745","page","type-page","status-publish","has-post-thumbnail","hentry"],"_links":{"self":[{"href":"https:\/\/www.ramoslaw.com\/es\/wp-json\/wp\/v2\/pages\/8745","targetHints":{"allow":["GET"]}}],"collection":[{"href":"https:\/\/www.ramoslaw.com\/es\/wp-json\/wp\/v2\/pages"}],"about":[{"href":"https:\/\/www.ramoslaw.com\/es\/wp-json\/wp\/v2\/types\/page"}],"author":[{"embeddable":true,"href":"https:\/\/www.ramoslaw.com\/es\/wp-json\/wp\/v2\/users\/12"}],"replies":[{"embeddable":true,"href":"https:\/\/www.ramoslaw.com\/es\/wp-json\/wp\/v2\/comments?post=8745"}],"version-history":[{"count":0,"href":"https:\/\/www.ramoslaw.com\/es\/wp-json\/wp\/v2\/pages\/8745\/revisions"}],"up":[{"embeddable":true,"href":"https:\/\/www.ramoslaw.com\/es\/wp-json\/wp\/v2\/pages\/4311"}],"wp:featuredmedia":[{"embeddable":true,"href":"https:\/\/www.ramoslaw.com\/es\/wp-json\/"}],"wp:attachment":[{"href":"https:\/\/www.ramoslaw.com\/es\/wp-json\/wp\/v2\/media?parent=8745"}],"curies":[{"name":"Gracias","href":"https:\/\/api.w.org\/{rel}","templated":true}]}}