{"id":8743,"date":"2023-06-26T18:58:54","date_gmt":"2023-06-27T00:58:54","guid":{"rendered":"https:\/\/www.ramoslaw.com\/?page_id=8743"},"modified":"2025-10-13T09:23:05","modified_gmt":"2025-10-13T15:23:05","slug":"lesion-cerebral-2","status":"publish","type":"page","link":"https:\/\/www.ramoslaw.com\/es\/denver\/brain-injury\/","title":{"rendered":"Lesi\u00f3n cerebral en Denver"},"content":{"rendered":"<div data-elementor-type=\"wp-page\" data-elementor-id=\"8743\" class=\"elementor elementor-8743\" data-elementor-post-type=\"page\">\n\t\t\t\t\t\t<section class=\"elementor-section elementor-top-section elementor-element elementor-element-22bca8bb elementor-section-full_width elementor-section-height-default elementor-section-height-default\" data-id=\"22bca8bb\" data-element_type=\"section\" data-e-type=\"section\">\n\t\t\t\t\t\t<div class=\"elementor-container elementor-column-gap-no\">\n\t\t\t\t\t<div class=\"elementor-column elementor-col-100 elementor-top-column elementor-element elementor-element-2d1df619\" data-id=\"2d1df619\" data-element_type=\"column\" data-e-type=\"column\">\n\t\t\t<div class=\"elementor-widget-wrap elementor-element-populated\">\n\t\t\t\t\t\t<div class=\"elementor-element elementor-element-2df3207b elementor-widget elementor-widget-hero\" data-id=\"2df3207b\" data-element_type=\"widget\" data-e-type=\"widget\" data-widget_type=\"hero.default\">\n\t\t\t\t<div class=\"elementor-widget-container\">\n\t\t\t\t\t<div class=\"clix-hero\" style=\"background-image: url(http:\/\/www.ramoslaw.com\/wp-content\/uploads\/2022\/01\/internal-banner-brain.jpeg);\"><div class=\"clix-hero__overlay\"><\/div><div class=\"clix-hero__content-container\"><h1><span class=\"clix-hero__prefix\">Denver, Colorado<\/span> <span > Abogados de lesiones cerebrales<\/span><\/h1>\t\t\t\t\t<p >Llama en cualquier momento, 24\/7<\/p>\n\t\t\t\t\t<a class=\"clix-hero__link\" href=\"\/es\/contacto\/\">Hable con nosotros hoy<\/a><\/div><div class=\"clix-hero__phone-container clix-hero__phone-container--single\"><div class=\"clix-hero__phone\"><p class=\"clix-hero__phone-location\">Denver<\/p><a aria-label=\"Denver: 303-214-7927\" href=\"tel:303-214-7927\" class=\"clix-hero__phone-number\">(303) 214-7927<\/a><\/div><\/div><\/div><div class=\"breadcrumb-container-cls\" ><nav aria-label=\"pan rallado\" class=\"rank-math-breadcrumb\"><p><span class=\"last\">Hogar<\/span><\/p><\/nav><\/div>\t\t\t\t<\/div>\n\t\t\t\t<\/div>\n\t\t\t\t\t<\/div>\n\t\t<\/div>\n\t\t\t\t\t<\/div>\n\t\t<\/section>\n\t\t\t\t<section class=\"elementor-section elementor-top-section elementor-element elementor-element-65d4cdf7 elementor-section-content-middle elementor-section-boxed elementor-section-height-default elementor-section-height-default\" data-id=\"65d4cdf7\" data-element_type=\"section\" data-e-type=\"section\" data-settings=\"{&quot;background_background&quot;:&quot;classic&quot;}\">\n\t\t\t\t\t\t<div class=\"elementor-container elementor-column-gap-default\">\n\t\t\t\t\t<div class=\"elementor-column elementor-col-100 elementor-top-column elementor-element elementor-element-25a86dc5\" data-id=\"25a86dc5\" data-element_type=\"column\" data-e-type=\"column\" data-settings=\"{&quot;background_background&quot;:&quot;classic&quot;}\">\n\t\t\t<div class=\"elementor-widget-wrap elementor-element-populated\">\n\t\t\t\t\t\t<div class=\"elementor-element elementor-element-24add4fc elementor-widget elementor-widget-text-editor\" data-id=\"24add4fc\" data-element_type=\"widget\" data-e-type=\"widget\" data-widget_type=\"text-editor.default\">\n\t\t\t\t<div class=\"elementor-widget-container\">\n\t\t\t\t\t\t\t\t\t<p style=\"text-align: center;\"><strong>DIRECCI\u00d3N<\/strong>: 999 Jasmine St, #200 Denver, CO 80220<\/p>\t\t\t\t\t\t\t\t<\/div>\n\t\t\t\t<\/div>\n\t\t\t\t\t<\/div>\n\t\t<\/div>\n\t\t\t\t\t<\/div>\n\t\t<\/section>\n\t\t\t\t<section class=\"elementor-section elementor-top-section elementor-element elementor-element-4422673d elementor-section-boxed elementor-section-height-default elementor-section-height-default\" data-id=\"4422673d\" data-element_type=\"section\" data-e-type=\"section\">\n\t\t\t\t\t\t<div class=\"elementor-container elementor-column-gap-default\">\n\t\t\t\t\t<div class=\"elementor-column elementor-col-66 elementor-top-column elementor-element elementor-element-41dbe1f2\" data-id=\"41dbe1f2\" data-element_type=\"column\" data-e-type=\"column\" data-settings=\"{&quot;background_background&quot;:&quot;classic&quot;}\">\n\t\t\t<div class=\"elementor-widget-wrap elementor-element-populated\">\n\t\t\t\t\t\t<div class=\"elementor-element elementor-element-9fa56ad elementor-widget elementor-widget-dual-headline\" data-id=\"9fa56ad\" data-element_type=\"widget\" data-e-type=\"widget\" data-widget_type=\"dual-headline.default\">\n\t\t\t\t<div class=\"elementor-widget-container\">\n\t\t\t\t\t<h2 id=\"\" class=\"elementor-heading-title clix-dual-headline emphasis-part-1 layout-stacked h2\"><span class=\"part-1\">Denver<\/span> <span class=\"part-2\">Abogados Especializados en Lesiones Cerebrales Traum\u00e1ticas<\/span><\/h2>\t\t\t\t<\/div>\n\t\t\t\t<\/div>\n\t\t\t\t<div class=\"elementor-element elementor-element-7956cfeb elementor-widget elementor-widget-text-editor\" data-id=\"7956cfeb\" data-element_type=\"widget\" data-e-type=\"widget\" data-widget_type=\"text-editor.default\">\n\t\t\t\t<div class=\"elementor-widget-container\">\n\t\t\t\t\t\t\t\t\t<p>Cualquiera sea la circunstancia, sufrir una lesi\u00f3n cerebral traum\u00e1tica (LCT) debido a las acciones descuidadas de otra persona es un desaf\u00edo y puede tener efectos adversos duraderos. Sin embargo, los abogados especializados en lesiones cerebrales de Ramos Law en Denver, Colorado, est\u00e1n aqu\u00ed para ayudar.<\/p><p>Si la negligencia de una empresa o de su propietario caus\u00f3 su lesi\u00f3n, es posible que tenga la oportunidad de presentar una demanda contra ellos. <a href=\"https:\/\/www.ramoslaw.com\/es\/denver\/\">Los abogados de lesiones personales en Denver<\/a> De Ramos Law tenemos a\u00f1os de experiencia en casos de traumatismo craneoencef\u00e1lico. Puede confiar en nuestros expertos para luchar por la compensaci\u00f3n financiera que se merece.<\/p><p><a href=\"https:\/\/www.ramoslaw.com\/es\/contacto\/\">Cont\u00e1ctenos hoy<\/a> para discutir su caso en una consulta gratuita y sin compromiso.<\/p><h3>Las causas de las lesiones cerebrales traum\u00e1ticas<\/h3><p><a href=\"https:\/\/www.cdc.gov\/\" target=\"_blank\" rel=\"noopener\">El Centro para el Control y la Prevenci\u00f3n de Enfermedades (CDC)<\/a> Afirma que las ca\u00eddas son responsables del 40% de todas las lesiones cerebrales traum\u00e1ticas. Las ca\u00eddas tambi\u00e9n contribuyen al 81% de todos los TCE en adultos de 65 a\u00f1os o m\u00e1s.<\/p><p>La segunda causa m\u00e1s com\u00fan es el traumatismo contundente no intencional causado por un golpe con un objeto, que representa el 15% de todos los casos. El traumatismo contundente tambi\u00e9n es cr\u00edtico en casi una cuarta parte de las lesiones cerebrales en ni\u00f1os menores de 15 a\u00f1os.<\/p><p>Otras dos causas son los accidentes de tr\u00e1fico y las agresiones, que representan el 14% y el 10% de los TCE. Entre los ni\u00f1os y los adultos j\u00f3venes de 5 a 24 a\u00f1os, los accidentes de tr\u00e1fico son la principal causa. En los ni\u00f1os de 0 a 4 a\u00f1os, los adultos son los principales culpables.<\/p><p>Se producen numerosos casos cada a\u00f1o, pero la mayor\u00eda son leves y se denominan conmociones cerebrales. Los informes muestran que el 141% de las conmociones cerebrales documentadas en los deportes se producen durante los partidos de f\u00fatbol de la escuela secundaria y el 33% durante los entrenamientos. El f\u00fatbol y el hockey sobre hielo son los principales culpables de las lesiones deportivas por traumatismo craneoencef\u00e1lico.<\/p><h3>\u00bfPor qu\u00e9 elegir a nuestros abogados de lesiones cerebrales en Denver?<\/h3><p>Si tiene dificultades para pagar las facturas y recuperarse de un traumatismo causado por una lesi\u00f3n cerebral, nuestro equipo puede ayudarlo. Los abogados especializados en lesiones cerebrales de Denver, Colorado, de Ramos Law, pueden ayudarlo a concentrarse en su recuperaci\u00f3n al ocuparse de todos los detalles legales y trabajar arduamente en su caso.<\/p><p><a href=\"https:\/\/www.ramoslaw.com\/es\/nuestro-equipo\/abogados\/dr-joseph-ramos\/\">El Dr. Joseph Ramos<\/a>, nuestro fundador, es un m\u00e9dico de urgencias y abogado con d\u00e9cadas de experiencia en el tratamiento de personas lesionadas, incluidas aquellas con traumatismos craneoencef\u00e1licos a causa de accidentes. Comenz\u00f3 a estudiar derecho como m\u00e9dico de urgencias para garantizar que todas las v\u00edctimas y las partes perjudicadas tuvieran acceso a una representaci\u00f3n legal s\u00f3lida.<\/p><p>Dirigido por el Dr. Ramos, nuestro equipo de abogados especializados en lesiones cerebrales traum\u00e1ticas en Denver tiene un profundo conocimiento de su caso desde el punto de vista legal y m\u00e9dico. Puede estar seguro de que trabajaremos diligentemente para garantizar un resultado favorable.<\/p><h3>Da\u00f1os Disponibles por Lesiones Cerebrales Traum\u00e1ticas (TBI)<\/h3><p>El tribunal analizar\u00e1 todos los hechos de su caso al determinar los da\u00f1os que se le otorgar\u00e1n. Sin embargo, por lo general, puede solicitar una compensaci\u00f3n por lo siguiente:<\/p><ul><li aria-level=\"1\">Potencial de ingresos reducido<\/li><li aria-level=\"1\">P\u00e9rdida de ingresos<\/li><li aria-level=\"1\">Da\u00f1os a la propiedad, como a un veh\u00edculo.<\/li><li aria-level=\"1\">Gastos m\u00e9dicos, como atenci\u00f3n asistida y medicamentos.<\/li><li aria-level=\"1\">P\u00e9rdida de calidad de vida<\/li><li aria-level=\"1\">Angustia emocional<\/li><li aria-level=\"1\">Dolor y sufrimiento<\/li><\/ul><p>En Colorado, usted puede tener derecho a recibir da\u00f1os punitivos si la parte responsable es sumamente negligente. Los da\u00f1os punitivos sancionan a la parte negligente por su comportamiento y evitan que otros hagan lo mismo. Es importante tener en cuenta que no pueden exceder los da\u00f1os compensatorios.<\/p><h3>Consulte con nuestros abogados especializados en lesiones cerebrales en Denver, Colorado<\/h3><p>Nuestros abogados especializados en lesiones cerebrales en Denver, Colorado, se esfuerzan por brindar asesoramiento y representaci\u00f3n legal de calidad. Siempre priorizamos brindar servicios a cada cliente con transparencia, integridad, trabajo duro y equidad. Comun\u00edquese con nuestro equipo hoy para recibir una consulta gratuita y sin compromiso.<\/p>\t\t\t\t\t\t\t\t<\/div>\n\t\t\t\t<\/div>\n\t\t\t\t<div class=\"elementor-element elementor-element-a744c4c elementor-widget elementor-widget-button\" data-id=\"a744c4c\" data-element_type=\"widget\" data-e-type=\"widget\" data-widget_type=\"button.default\">\n\t\t\t\t<div class=\"elementor-widget-container\">\n\t\t\t\t\t\t\t\t\t<div class=\"elementor-button-wrapper\">\n\t\t\t\t\t<a class=\"elementor-button elementor-button-link elementor-size-sm\" href=\"\/es\/contacto\/\">\n\t\t\t\t\t\t<span class=\"elementor-button-content-wrapper\">\n\t\t\t\t\t\t\t\t\t<span class=\"elementor-button-text\">Hable con nosotros hoy<\/span>\n\t\t\t\t\t<\/span>\n\t\t\t\t\t<\/a>\n\t\t\t\t<\/div>\n\t\t\t\t\t\t\t\t<\/div>\n\t\t\t\t<\/div>\n\t\t\t\t<div class=\"elementor-element elementor-element-75d07c1 elementor-widget elementor-widget-html\" data-id=\"75d07c1\" data-element_type=\"widget\" data-e-type=\"widget\" data-widget_type=\"html.default\">\n\t\t\t\t<div class=\"elementor-widget-container\">\n\t\t\t\t\t<iframe src=\"https:\/\/www.google.com\/maps\/embed?pb=!1m18!1m12!1m3!1d3067.6033904019228!2d-104.99778339999999!3d39.74855900000001!2m3!1f0!2f0!3f0!3m2!1i1024!2i768!4f13.1!3m3!1m2!1s0x876c795ee3677007%3A0x6983b073eb47f653!2sRamos%20Law%20Personal%20Injury%20%26%20Accident%20Lawyers%20-%20Denver%2C%20Colorado!5e0!3m2!1sen!2sus!4v1760368838688!5m2!1sen!2sus\" width=\"600\" height=\"450\" style=\"border:0;\" allowfullscreen=\"\" loading=\"lazy\" referrerpolicy=\"no-referrer-when-downgrade\"><\/iframe>\t\t\t\t<\/div>\n\t\t\t\t<\/div>\n\t\t\t\t\t<\/div>\n\t\t<\/div>\n\t\t\t\t<div class=\"elementor-column elementor-col-33 elementor-top-column elementor-element elementor-element-4167084\" data-id=\"4167084\" data-element_type=\"column\" data-e-type=\"column\">\n\t\t\t<div class=\"elementor-widget-wrap elementor-element-populated\">\n\t\t\t\t\t\t<section class=\"elementor-section elementor-inner-section elementor-element elementor-element-c3fe5fd sidebar-form elementor-section-boxed elementor-section-height-default elementor-section-height-default\" data-id=\"c3fe5fd\" data-element_type=\"section\" data-e-type=\"section\" data-settings=\"{&quot;background_background&quot;:&quot;classic&quot;}\">\n\t\t\t\t\t\t<div class=\"elementor-container elementor-column-gap-default\">\n\t\t\t\t\t<div class=\"elementor-column elementor-col-100 elementor-inner-column elementor-element elementor-element-743b81eb\" data-id=\"743b81eb\" data-element_type=\"column\" data-e-type=\"column\">\n\t\t\t<div class=\"elementor-widget-wrap elementor-element-populated\">\n\t\t\t\t\t\t<div class=\"elementor-element elementor-element-16747c84 elementor-widget elementor-widget-text-editor\" data-id=\"16747c84\" data-element_type=\"widget\" data-e-type=\"widget\" data-widget_type=\"text-editor.default\">\n\t\t\t\t<div class=\"elementor-widget-container\">\n\t\t\t\t\t\t\t\t\t<p>\u00bfNecesita asesoramiento de abogados expertos?<\/p>\t\t\t\t\t\t\t\t<\/div>\n\t\t\t\t<\/div>\n\t\t\t\t<div class=\"elementor-element elementor-element-5d363cd4 elementor-widget elementor-widget-text-editor\" data-id=\"5d363cd4\" data-element_type=\"widget\" data-e-type=\"widget\" data-widget_type=\"text-editor.default\">\n\t\t\t\t<div class=\"elementor-widget-container\">\n\t\t\t\t\t\t\t\t\t<p><strong>Consulta gratuita sobre lesiones cerebrales y accidentes<\/strong><\/p>\t\t\t\t\t\t\t\t<\/div>\n\t\t\t\t<\/div>\n\t\t\t\t<div class=\"elementor-element elementor-element-3c6fa55 elementor-widget elementor-widget-template\" data-id=\"3c6fa55\" data-element_type=\"widget\" data-e-type=\"widget\" data-widget_type=\"template.default\">\n\t\t\t\t<div class=\"elementor-widget-container\">\n\t\t\t\t\t\t\t<div class=\"elementor-template\">\n\t\t\t\t\t<div data-elementor-type=\"section\" data-elementor-id=\"7616\" class=\"elementor elementor-7616\" data-elementor-post-type=\"elementor_library\">\n\t\t\t\t\t<section class=\"elementor-section elementor-top-section elementor-element elementor-element-8e67607 elementor-section-full_width elementor-section-height-default elementor-section-height-default\" data-id=\"8e67607\" data-element_type=\"section\" data-e-type=\"section\">\n\t\t\t\t\t\t<div class=\"elementor-container elementor-column-gap-no\">\n\t\t\t\t\t<div class=\"elementor-column elementor-col-100 elementor-top-column elementor-element elementor-element-fb487c6\" data-id=\"fb487c6\" data-element_type=\"column\" data-e-type=\"column\">\n\t\t\t<div class=\"elementor-widget-wrap elementor-element-populated\">\n\t\t\t\t\t\t<div class=\"elementor-element elementor-element-0f89f6f elementor-widget elementor-widget-html\" data-id=\"0f89f6f\" data-element_type=\"widget\" data-e-type=\"widget\" data-widget_type=\"html.default\">\n\t\t\t\t<div class=\"elementor-widget-container\">\n\t\t\t\t\t<script type=\"text\/javascript\" src=\"https:\/\/theclixgroup.formstack.com\/forms\/js.php\/ramos_law_free_case_evaluation_request?referrer=Colorado\"><\/script><noscript><a href=\"https:\/\/theclixgroup.formstack.com\/forms\/ramos_law_free_case_evaluation_request\" title=\"Formulario en l\u00ednea\" target=\"_blank\" rel=\"noopener\">Formulario en l\u00ednea - Ramos Law: Solicitud de evaluaci\u00f3n gratuita de casos<\/a><\/noscript>\t\t\t\t<\/div>\n\t\t\t\t<\/div>\n\t\t\t\t\t<\/div>\n\t\t<\/div>\n\t\t\t\t\t<\/div>\n\t\t<\/section>\n\t\t\t\t<\/div>\n\t\t\t\t<\/div>\n\t\t\t\t\t\t<\/div>\n\t\t\t\t<\/div>\n\t\t\t\t\t<\/div>\n\t\t<\/div>\n\t\t\t\t\t<\/div>\n\t\t<\/section>\n\t\t\t\t<section class=\"elementor-section elementor-inner-section elementor-element elementor-element-39166256 custom-posts elementor-section-boxed elementor-section-height-default elementor-section-height-default\" data-id=\"39166256\" data-element_type=\"section\" data-e-type=\"section\">\n\t\t\t\t\t\t<div class=\"elementor-container elementor-column-gap-no\">\n\t\t\t\t\t<div class=\"elementor-column elementor-col-100 elementor-inner-column elementor-element elementor-element-4636d230\" data-id=\"4636d230\" data-element_type=\"column\" data-e-type=\"column\">\n\t\t\t<div class=\"elementor-widget-wrap elementor-element-populated\">\n\t\t\t\t\t\t<div class=\"elementor-element elementor-element-99fbe69 elementor-widget elementor-widget-shortcode\" data-id=\"99fbe69\" data-element_type=\"widget\" data-e-type=\"widget\" data-widget_type=\"shortcode.default\">\n\t\t\t\t<div class=\"elementor-widget-container\">\n\t\t\t\t\t\t\t<div class=\"elementor-shortcode\"><div data-src=\"https:\/\/cdn.trustindex.io\/loader.js?4ff27e4383922018626640fde58\"><\/div><\/div>\n\t\t\t\t\t\t<\/div>\n\t\t\t\t<\/div>\n\t\t\t\t<div class=\"elementor-element elementor-element-297eeca1 elementor-widget elementor-widget-heading\" data-id=\"297eeca1\" data-element_type=\"widget\" data-e-type=\"widget\" data-widget_type=\"heading.default\">\n\t\t\t\t<div class=\"elementor-widget-container\">\n\t\t\t\t\t<h4 class=\"elementor-heading-title elementor-size-default\">Publicaciones relacionadas<\/h4>\t\t\t\t<\/div>\n\t\t\t\t<\/div>\n\t\t\t\t<div class=\"elementor-element elementor-element-6244370e elementor-grid-1 elementor-posts--align-left elementor-grid-tablet-2 elementor-grid-mobile-1 elementor-posts--thumbnail-top elementor-card-shadow-yes elementor-posts__hover-gradient elementor-widget elementor-widget-posts\" data-id=\"6244370e\" data-element_type=\"widget\" data-e-type=\"widget\" data-settings=\"{&quot;cards_columns&quot;:&quot;1&quot;,&quot;cards_columns_tablet&quot;:&quot;2&quot;,&quot;cards_columns_mobile&quot;:&quot;1&quot;,&quot;cards_row_gap&quot;:{&quot;unit&quot;:&quot;px&quot;,&quot;size&quot;:35,&quot;sizes&quot;:[]},&quot;cards_row_gap_tablet&quot;:{&quot;unit&quot;:&quot;px&quot;,&quot;size&quot;:&quot;&quot;,&quot;sizes&quot;:[]},&quot;cards_row_gap_mobile&quot;:{&quot;unit&quot;:&quot;px&quot;,&quot;size&quot;:&quot;&quot;,&quot;sizes&quot;:[]}}\" data-widget_type=\"posts.cards\">\n\t\t\t\t<div class=\"elementor-widget-container\">\n\t\t\t\t\t\t\t<div class=\"elementor-posts-container elementor-posts elementor-posts--skin-cards elementor-grid\" role=\"list\">\n\t\t\t\t<article class=\"elementor-post elementor-grid-item post-12009 post type-post status-publish format-standard has-post-thumbnail hentry category-personal-injury tag-brain-injury tag-brain-injury-lawyer\" role=\"listitem\">\n\t\t\t<div class=\"elementor-post__card\">\n\t\t\t\t<a class=\"elementor-post__thumbnail__link\" href=\"https:\/\/www.ramoslaw.com\/es\/how-brain-injury-diagnosis-has-changed\/\" tabindex=\"-1\"><div class=\"elementor-post__thumbnail\"><img fetchpriority=\"high\" decoding=\"async\" width=\"300\" height=\"200\" src=\"https:\/\/www.ramoslaw.com\/wp-content\/uploads\/2025\/05\/ChatGPT-Image-May-22-2025-04_58_30-PM-300x200.png\" class=\"attachment-medium size-medium wp-image-12011\" alt=\"\" srcset=\"https:\/\/www.ramoslaw.com\/wp-content\/uploads\/2025\/05\/ChatGPT-Image-May-22-2025-04_58_30-PM-300x200.png 300w, https:\/\/www.ramoslaw.com\/wp-content\/uploads\/2025\/05\/ChatGPT-Image-May-22-2025-04_58_30-PM-1024x683.png 1024w, https:\/\/www.ramoslaw.com\/wp-content\/uploads\/2025\/05\/ChatGPT-Image-May-22-2025-04_58_30-PM-768x512.png 768w, https:\/\/www.ramoslaw.com\/wp-content\/uploads\/2025\/05\/ChatGPT-Image-May-22-2025-04_58_30-PM-18x12.png 18w, https:\/\/www.ramoslaw.com\/wp-content\/uploads\/2025\/05\/ChatGPT-Image-May-22-2025-04_58_30-PM.png 1536w\" sizes=\"(max-width: 300px) 100vw, 300px\" \/><\/div><\/a>\n\t\t\t\t<div class=\"elementor-post__text\">\n\t\t\t\t<h4 class=\"elementor-post__title\">\n\t\t\t<a href=\"https:\/\/www.ramoslaw.com\/es\/how-brain-injury-diagnosis-has-changed\/\">\n\t\t\t\tC\u00f3mo ha cambiado el diagn\u00f3stico de lesiones cerebrales despu\u00e9s de 50 a\u00f1os: explicaci\u00f3n del nuevo sistema de clasificaci\u00f3n de TCE de 2024\t\t\t<\/a>\n\t\t<\/h4>\n\t\t\t\t<div class=\"elementor-post__excerpt\">\n\t\t\t<p>\u00bfQu\u00e9 es el nuevo marco diagn\u00f3stico de TCE? Durante d\u00e9cadas, las lesiones cerebrales traum\u00e1ticas (TCE) se diagnosticaron mediante un amplio sistema de tres niveles: leve, moderado o grave. Aunque familiar,<\/p>\n\t\t<\/div>\n\t\t\n\t\t<a class=\"elementor-post__read-more\" href=\"https:\/\/www.ramoslaw.com\/es\/how-brain-injury-diagnosis-has-changed\/\" aria-label=\"Lea m\u00e1s sobre c\u00f3mo cambi\u00f3 el diagn\u00f3stico de lesiones cerebrales despu\u00e9s de 50 a\u00f1os: explicaci\u00f3n del nuevo sistema de clasificaci\u00f3n de TCE de 2024\" tabindex=\"-1\">\n\t\t\tLeer m\u00e1s\t\t<\/a>\n\n\t\t\t\t<\/div>\n\t\t\t\t<div class=\"elementor-post__meta-data\">\n\t\t\t\t\t<span class=\"elementor-post-date\">\n\t\t\t22 de mayo de 2025\t\t<\/span>\n\t\t\t\t<\/div>\n\t\t\t\t\t<\/div>\n\t\t<\/article>\n\t\t\t\t<\/div>\n\t\t\n\t\t\t\t\t\t<\/div>\n\t\t\t\t<\/div>\n\t\t\t\t\t<\/div>\n\t\t<\/div>\n\t\t\t\t\t<\/div>\n\t\t<\/section>\n\t\t\t\t\t<\/div>\n\t\t<\/div>\n\t\t\t\t\t<\/div>\n\t\t<\/section>\n\t\t\t\t<section class=\"elementor-section elementor-top-section elementor-element elementor-element-51d469aa elementor-section-content-middle elementor-section-boxed elementor-section-height-default elementor-section-height-default\" data-id=\"51d469aa\" data-element_type=\"section\" data-e-type=\"section\" data-settings=\"{&quot;background_background&quot;:&quot;classic&quot;}\">\n\t\t\t\t\t\t<div class=\"elementor-container elementor-column-gap-default\">\n\t\t\t\t\t<div class=\"elementor-column elementor-col-50 elementor-top-column elementor-element elementor-element-2fbd6071\" data-id=\"2fbd6071\" data-element_type=\"column\" data-e-type=\"column\" data-settings=\"{&quot;background_background&quot;:&quot;classic&quot;}\">\n\t\t\t<div class=\"elementor-widget-wrap elementor-element-populated\">\n\t\t\t\t\t\t<div class=\"elementor-element elementor-element-65130b61 elementor-widget elementor-widget-dual-headline\" data-id=\"65130b61\" data-element_type=\"widget\" data-e-type=\"widget\" data-widget_type=\"dual-headline.default\">\n\t\t\t\t<div class=\"elementor-widget-container\">\n\t\t\t\t\t<h3 id=\"\" class=\"elementor-heading-title clix-dual-headline emphasis-part-1 layout-inline h3\"><span class=\"part-1\">\u00bfHas resultado<\/span> <span class=\"part-2\">Herido en una lesi\u00f3n cerebral?<\/span><\/h3>\t\t\t\t<\/div>\n\t\t\t\t<\/div>\n\t\t\t\t\t<\/div>\n\t\t<\/div>\n\t\t\t\t<div class=\"elementor-column elementor-col-50 elementor-top-column elementor-element elementor-element-4f8031e7\" data-id=\"4f8031e7\" data-element_type=\"column\" data-e-type=\"column\" data-settings=\"{&quot;background_background&quot;:&quot;classic&quot;}\">\n\t\t\t<div class=\"elementor-widget-wrap elementor-element-populated\">\n\t\t\t\t\t\t<div class=\"elementor-element elementor-element-1285591f elementor-align-center elementor-widget elementor-widget-button\" data-id=\"1285591f\" data-element_type=\"widget\" data-e-type=\"widget\" data-widget_type=\"button.default\">\n\t\t\t\t<div class=\"elementor-widget-container\">\n\t\t\t\t\t\t\t\t\t<div class=\"elementor-button-wrapper\">\n\t\t\t\t\t<a class=\"elementor-button elementor-button-link elementor-size-sm\" href=\"\/es\/contacto\/\">\n\t\t\t\t\t\t<span class=\"elementor-button-content-wrapper\">\n\t\t\t\t\t\t\t\t\t<span class=\"elementor-button-text\">\u00a1Ponte en contacto con nosotros!<\/span>\n\t\t\t\t\t<\/span>\n\t\t\t\t\t<\/a>\n\t\t\t\t<\/div>\n\t\t\t\t\t\t\t\t<\/div>\n\t\t\t\t<\/div>\n\t\t\t\t\t<\/div>\n\t\t<\/div>\n\t\t\t\t\t<\/div>\n\t\t<\/section>\n\t\t\t\t<\/div>","protected":false},"excerpt":{"rendered":"<p>Comun\u00edquese con los abogados de lesiones cerebrales de Ramos Law en Denver para analizar su caso si ha sufrido una lesi\u00f3n cerebral traum\u00e1tica debido a la negligencia de otra persona.<\/p>","protected":false},"author":12,"featured_media":1720,"parent":12379,"menu_order":1,"comment_status":"closed","ping_status":"closed","template":"","meta":{"footnotes":""},"class_list":["post-8743","page","type-page","status-publish","has-post-thumbnail","hentry"],"_links":{"self":[{"href":"https:\/\/www.ramoslaw.com\/es\/wp-json\/wp\/v2\/pages\/8743","targetHints":{"allow":["GET"]}}],"collection":[{"href":"https:\/\/www.ramoslaw.com\/es\/wp-json\/wp\/v2\/pages"}],"about":[{"href":"https:\/\/www.ramoslaw.com\/es\/wp-json\/wp\/v2\/types\/page"}],"author":[{"embeddable":true,"href":"https:\/\/www.ramoslaw.com\/es\/wp-json\/wp\/v2\/users\/12"}],"replies":[{"embeddable":true,"href":"https:\/\/www.ramoslaw.com\/es\/wp-json\/wp\/v2\/comments?post=8743"}],"version-history":[{"count":0,"href":"https:\/\/www.ramoslaw.com\/es\/wp-json\/wp\/v2\/pages\/8743\/revisions"}],"up":[{"embeddable":true,"href":"https:\/\/www.ramoslaw.com\/es\/wp-json\/wp\/v2\/pages\/12379"}],"wp:featuredmedia":[{"embeddable":true,"href":"https:\/\/www.ramoslaw.com\/es\/wp-json\/"}],"wp:attachment":[{"href":"https:\/\/www.ramoslaw.com\/es\/wp-json\/wp\/v2\/media?parent=8743"}],"curies":[{"name":"Gracias","href":"https:\/\/api.w.org\/{rel}","templated":true}]}}