{"id":8703,"date":"2023-05-31T21:27:58","date_gmt":"2023-06-01T03:27:58","guid":{"rendered":"https:\/\/www.ramoslaw.com\/?page_id=8703"},"modified":"2025-10-21T19:09:28","modified_gmt":"2025-10-22T01:09:28","slug":"lesion-por-quemadura-2","status":"publish","type":"page","link":"https:\/\/www.ramoslaw.com\/es\/denver-wheat-ridge\/burn-injury\/","title":{"rendered":"Abogados de lesiones por quemaduras en Wheat Ridge, Colorado"},"content":{"rendered":"<div data-elementor-type=\"wp-page\" data-elementor-id=\"8703\" class=\"elementor elementor-8703\" data-elementor-post-type=\"page\">\n\t\t\t\t\t\t<section class=\"elementor-section elementor-top-section elementor-element elementor-element-51cdf6cd elementor-section-full_width elementor-section-height-default elementor-section-height-default\" data-id=\"51cdf6cd\" data-element_type=\"section\" data-e-type=\"section\">\n\t\t\t\t\t\t<div class=\"elementor-container elementor-column-gap-no\">\n\t\t\t\t\t<div class=\"elementor-column elementor-col-100 elementor-top-column elementor-element elementor-element-bdda607\" data-id=\"bdda607\" data-element_type=\"column\" data-e-type=\"column\">\n\t\t\t<div class=\"elementor-widget-wrap elementor-element-populated\">\n\t\t\t\t\t\t<div class=\"elementor-element elementor-element-6bc4abd7 elementor-widget elementor-widget-hero\" data-id=\"6bc4abd7\" data-element_type=\"widget\" data-e-type=\"widget\" data-widget_type=\"hero.default\">\n\t\t\t\t<div class=\"elementor-widget-container\">\n\t\t\t\t\t<div class=\"clix-hero\" style=\"background-image: url(http:\/\/www.ramoslaw.com\/wp-content\/uploads\/2022\/01\/internal-banners-personal-injury.jpeg);\"><div class=\"clix-hero__overlay\"><\/div><div class=\"clix-hero__content-container\"><h1><span class=\"clix-hero__prefix\"> Wheat Ridge, CO<\/span> <span > Abogados de Lesiones por Quemaduras<\/span><\/h1>\t\t\t\t\t<p >Llama en cualquier momento, 24\/7<\/p>\n\t\t\t\t\t<a class=\"clix-hero__link\" href=\"\/es\/cresta-de-trigo-de-denver\/\">Hable con nosotros hoy<\/a><\/div><div class=\"clix-hero__phone-container clix-hero__phone-container--single\"><div class=\"clix-hero__phone\"><p class=\"clix-hero__phone-location\">Wheat Ridge<\/p><a aria-label=\"Cresta de trigo: 720-580-8333\" href=\"tel:720-580-8333\" class=\"clix-hero__phone-number\">(720) 580-8333<\/a><\/div><\/div><\/div><div class=\"breadcrumb-container-cls\" ><nav aria-label=\"pan rallado\" class=\"rank-math-breadcrumb\"><p><span class=\"last\">Hogar<\/span><\/p><\/nav><\/div>\t\t\t\t<\/div>\n\t\t\t\t<\/div>\n\t\t\t\t\t<\/div>\n\t\t<\/div>\n\t\t\t\t\t<\/div>\n\t\t<\/section>\n\t\t\t\t<section class=\"elementor-section elementor-top-section elementor-element elementor-element-a9de6d8 elementor-section-content-middle elementor-section-boxed elementor-section-height-default elementor-section-height-default\" data-id=\"a9de6d8\" data-element_type=\"section\" data-e-type=\"section\" data-settings=\"{&quot;background_background&quot;:&quot;classic&quot;}\">\n\t\t\t\t\t\t<div class=\"elementor-container elementor-column-gap-default\">\n\t\t\t\t\t<div class=\"elementor-column elementor-col-100 elementor-top-column elementor-element elementor-element-58a5cd3\" data-id=\"58a5cd3\" data-element_type=\"column\" data-e-type=\"column\" data-settings=\"{&quot;background_background&quot;:&quot;classic&quot;}\">\n\t\t\t<div class=\"elementor-widget-wrap elementor-element-populated\">\n\t\t\t\t\t\t<div class=\"elementor-element elementor-element-e39ed42 elementor-widget elementor-widget-text-editor\" data-id=\"e39ed42\" data-element_type=\"widget\" data-e-type=\"widget\" data-widget_type=\"text-editor.default\">\n\t\t\t\t<div class=\"elementor-widget-container\">\n\t\t\t\t\t\t\t\t\t<p style=\"text-align: center;\"><strong>DIRECCI\u00d3N<\/strong>:4765 Independence St Suite A, Wheat Ridge, CO 80033.\u00a0<\/p>\t\t\t\t\t\t\t\t<\/div>\n\t\t\t\t<\/div>\n\t\t\t\t\t<\/div>\n\t\t<\/div>\n\t\t\t\t\t<\/div>\n\t\t<\/section>\n\t\t\t\t<section class=\"elementor-section elementor-top-section elementor-element elementor-element-ea7f4ac elementor-section-boxed elementor-section-height-default elementor-section-height-default\" data-id=\"ea7f4ac\" data-element_type=\"section\" data-e-type=\"section\">\n\t\t\t\t\t\t<div class=\"elementor-container elementor-column-gap-default\">\n\t\t\t\t\t<div class=\"elementor-column elementor-col-66 elementor-top-column elementor-element elementor-element-7436d8c\" data-id=\"7436d8c\" data-element_type=\"column\" data-e-type=\"column\" data-settings=\"{&quot;background_background&quot;:&quot;classic&quot;}\">\n\t\t\t<div class=\"elementor-widget-wrap elementor-element-populated\">\n\t\t\t\t\t\t<div class=\"elementor-element elementor-element-96af101 elementor-widget elementor-widget-text-editor\" data-id=\"96af101\" data-element_type=\"widget\" data-e-type=\"widget\" data-widget_type=\"text-editor.default\">\n\t\t\t\t<div class=\"elementor-widget-container\">\n\t\t\t\t\t\t\t\t\t<h2>Abogados de lesiones por quemaduras en Wheat Ridge<\/h2><p>Las quemaduras y sus tratamientos son extremadamente dolorosos y pueden requerir atenci\u00f3n m\u00e9dica a largo plazo. Si usted o un ser querido sufri\u00f3 una lesi\u00f3n debido a las acciones descuidadas de otra persona, comun\u00edquese de inmediato con los abogados expertos en lesiones por quemaduras de Ramos Law en Wheat Ridge, CO.<\/p><p>Nuestros abogados expertos en Ramos Law cuentan con d\u00e9cadas de experiencia en casos de lesiones por quemaduras graves. Dirigidos por el m\u00e9dico de urgencias y abogado Dr. Joseph Ramos, nuestro equipo puede brindar asesoramiento legal experto y luchar por sus derechos como v\u00edctima.\u00a0<a href=\"https:\/\/www.ramoslaw.com\/es\/contacto\/\">Complete nuestro formulario en l\u00ednea<\/a>\u00a0o ll\u00e1menos hoy para discutir su caso en una consulta gratuita.<\/p><h3>\u00bfQu\u00e9 causa las quemaduras?<\/h3><p>Independientemente de las intenciones de la parte responsable, esta debe responder por su comportamiento negligente. Las quemaduras suelen producirse como resultado de los siguientes accidentes:<\/p><ul><li>Productos defectuosos<\/li><li>Incendios residenciales<\/li><li>Accidentes de trabajo<\/li><li>Accidentes de tr\u00e1fico<\/li><li>Accidentes de vacaciones<\/li><\/ul><p>Lamentablemente, las quemaduras que ponen en peligro la vida son m\u00e1s comunes de lo que deber\u00edan. Los casos graves suelen surgir de las siguientes causas:<\/p><ul><li>L\u00edquidos o productos qu\u00edmicos hirviendo<\/li><li>Vapor<\/li><li>Fuego<\/li><li>Descarga el\u00e9ctrica<\/li><li>Derrames de sustancias qu\u00edmicas y exposici\u00f3n<\/li><\/ul><h3>Lesiones y tratamientos<\/h3><p>Las quemaduras humanas se dividen en cuatro categor\u00edas: primer, segundo, tercer y cuarto grado. Cada grado incluye un empeoramiento de la lesi\u00f3n y un tratamiento m\u00e1s intensivo.<\/p>\t\t\t\t\t\t\t\t<\/div>\n\t\t\t\t<\/div>\n\t\t\t\t<div class=\"elementor-element elementor-element-c3257a2 elementor-widget elementor-widget-listed-content\" data-id=\"c3257a2\" data-element_type=\"widget\" data-e-type=\"widget\" data-widget_type=\"listed-content.default\">\n\t\t\t\t<div class=\"elementor-widget-container\">\n\t\t\t\t\t<div class=\"clix-listed-content-wrapper\" style=\"background-image: url(http:\/\/www.ramoslaw.com\/wp-content\/uploads\/2022\/01\/internal-banners-personal-injury.jpeg);\"><div class=\"clix-listed-content-overlay\"><\/div><div class=\"clix-listed-content elementor-repeater-item-6be5cff\"><div class=\"clix-listed-content__icon\" style=\"color: #F5B111\"><i aria-hidden=\"true\" class=\"fas fa-thermometer-empty\"><\/i><\/div><div class=\"clix-listed-content__container\"><h4 class=\"clix-listed-content__title\">Quemaduras de primer grado<\/h4><p class=\"clix-listed-content__content\"><p>Las quemaduras de primer grado suelen curarse con poca atenci\u00f3n m\u00e9dica. Las lesiones catalogadas como de primer grado solo afectan la primera capa de la piel.<\/p><\/p><\/div><\/div><div class=\"clix-listed-content elementor-repeater-item-f7ee85d\"><div class=\"clix-listed-content__icon\" style=\"color: #F57011\"><i aria-hidden=\"true\" class=\"fas fa-thermometer-half\"><\/i><\/div><div class=\"clix-listed-content__container\"><h4 class=\"clix-listed-content__title\">Quemaduras de segundo grado<\/h4><p class=\"clix-listed-content__content\"><p>La mayor\u00eda de las quemaduras de segundo grado requieren, como m\u00ednimo, analg\u00e9sicos y tratamiento de venta libre. Pueden tardar varias semanas o incluso meses en sanar. Los casos m\u00e1s graves pueden requerir injertos de piel para reparar las capas superiores.<\/p><\/p><\/div><\/div><div class=\"clix-listed-content elementor-repeater-item-0151309\"><div class=\"clix-listed-content__icon\" style=\"color: #F53B11\"><i aria-hidden=\"true\" class=\"fas fa-thermometer-three-quarters\"><\/i><\/div><div class=\"clix-listed-content__container\"><h4 class=\"clix-listed-content__title\">Quemaduras de tercer grado<\/h4><p class=\"clix-listed-content__content\"><p>Las v\u00edctimas de quemaduras de tercer grado sufren un dolor considerable. Estas lesiones suelen da\u00f1ar todas las capas de la piel y pueden afectar los tejidos y \u00f3rganos internos. Es probable que requieran atenci\u00f3n m\u00e9dica a largo plazo e incluso la amputaci\u00f3n en algunas situaciones.<\/p><\/p><\/div><\/div><div class=\"clix-listed-content elementor-repeater-item-f668cdc\"><div class=\"clix-listed-content__icon\" style=\"color: #BD2300\"><i aria-hidden=\"true\" class=\"fas fa-thermometer-full\"><\/i><\/div><div class=\"clix-listed-content__container\"><h4 class=\"clix-listed-content__title\">Quemaduras de cuarto grado<\/h4><p class=\"clix-listed-content__content\"><p>Las personas que sufren quemaduras de cuarto grado deben recibir atenci\u00f3n m\u00e9dica a largo plazo, cirug\u00edas, injertos de piel y medicamentos. Las v\u00edctimas con frecuencia pierden la funci\u00f3n en las \u00e1reas afectadas debido a la lesi\u00f3n debajo de la piel subcut\u00e1nea en el m\u00fasculo y el hueso.<\/p><\/p><\/div><\/div><\/div>\t\t\t\t<\/div>\n\t\t\t\t<\/div>\n\t\t\t\t<div class=\"elementor-element elementor-element-9c5ba1c elementor-widget elementor-widget-text-editor\" data-id=\"9c5ba1c\" data-element_type=\"widget\" data-e-type=\"widget\" data-widget_type=\"text-editor.default\">\n\t\t\t\t<div class=\"elementor-widget-container\">\n\t\t\t\t\t\t\t\t\t<h3>Abogados especializados en quemaduras en Wheat Ridge, Colorado, que velan por usted<\/h3><p>Las v\u00edctimas de quemaduras y sus seres queridos sufren dificultades debido a la conducta insensata de otra persona. La parte responsable debe hacerse responsable del da\u00f1o que ha causado y que ha alterado su vida. Nuestros abogados especializados en quemaduras en Wheat Ridge, Colorado, est\u00e1n decididos a luchar por las v\u00edctimas y sus familias.<\/p><p>Si usted o un ser querido sufri\u00f3 una quemadura grave debido al comportamiento imprudente de otra persona, podr\u00eda ser elegible para recuperar da\u00f1os monetarios o punitivos como los siguientes:<\/p><ul><li>Gastos m\u00e9dicos<\/li><li>Dolor y sufrimiento f\u00edsico<\/li><li>Incapacidad permanente o temporal<\/li><li>P\u00e9rdida de calidad de vida<\/li><li>Angustia emocional<\/li><li>Salarios perdidos<\/li><li>Desfiguraci\u00f3n<\/li><\/ul><p>Nuestro\u00a0<a href=\"https:\/\/www.ramoslaw.com\/es\/cresta-de-trigo-de-denver\/\">abogados de lesiones personales en Wheat Ridge, CO,<\/a>\u00a0puede ayudarlo a determinar su elegibilidad y garantizar que reciba una compensaci\u00f3n. Ll\u00e1menos a Ramos Law o\u00a0<a href=\"https:\/\/www.ramoslaw.com\/es\/contacto\/\">Complete nuestro formulario en l\u00ednea<\/a>\u00a0hoy para una consulta gratuita.<\/p>\t\t\t\t\t\t\t\t<\/div>\n\t\t\t\t<\/div>\n\t\t\t\t<div class=\"elementor-element elementor-element-4070f50 elementor-widget elementor-widget-html\" data-id=\"4070f50\" data-element_type=\"widget\" data-e-type=\"widget\" data-widget_type=\"html.default\">\n\t\t\t\t<div class=\"elementor-widget-container\">\n\t\t\t\t\t<iframe src=\"https:\/\/www.google.com\/maps\/embed?pb=!1m18!1m12!1m3!1d3066.051482989552!2d-105.1052683!3d39.7834!2m3!1f0!2f0!3f0!3m2!1i1024!2i768!4f13.1!3m3!1m2!1s0x876c792c31351e3f%3A0xaaff1c11bb75f79d!2sRamos%20Law!5e0!3m2!1sen!2sus!4v1747262646843!5m2!1sen!2sus\" width=\"600\" height=\"350\" style=\"border:0;\" allowfullscreen=\"\" loading=\"lazy\" referrerpolicy=\"no-referrer-when-downgrade\"><\/iframe>\t\t\t\t<\/div>\n\t\t\t\t<\/div>\n\t\t\t\t\t<\/div>\n\t\t<\/div>\n\t\t\t\t<div class=\"elementor-column elementor-col-33 elementor-top-column elementor-element elementor-element-6506435\" data-id=\"6506435\" data-element_type=\"column\" data-e-type=\"column\">\n\t\t\t<div class=\"elementor-widget-wrap elementor-element-populated\">\n\t\t\t\t\t\t<section class=\"elementor-section elementor-inner-section elementor-element elementor-element-a41e33b sidebar-form elementor-section-boxed elementor-section-height-default elementor-section-height-default\" data-id=\"a41e33b\" data-element_type=\"section\" data-e-type=\"section\" data-settings=\"{&quot;background_background&quot;:&quot;classic&quot;}\">\n\t\t\t\t\t\t<div class=\"elementor-container elementor-column-gap-default\">\n\t\t\t\t\t<div class=\"elementor-column elementor-col-100 elementor-inner-column elementor-element elementor-element-de749a3\" data-id=\"de749a3\" data-element_type=\"column\" data-e-type=\"column\">\n\t\t\t<div class=\"elementor-widget-wrap elementor-element-populated\">\n\t\t\t\t\t\t<div class=\"elementor-element elementor-element-056d8ef elementor-widget elementor-widget-text-editor\" data-id=\"056d8ef\" data-element_type=\"widget\" data-e-type=\"widget\" data-widget_type=\"text-editor.default\">\n\t\t\t\t<div class=\"elementor-widget-container\">\n\t\t\t\t\t\t\t\t\t<p>\u00bfNecesita asesoramiento de abogados expertos?<\/p>\t\t\t\t\t\t\t\t<\/div>\n\t\t\t\t<\/div>\n\t\t\t\t<div class=\"elementor-element elementor-element-36dd0bd elementor-widget elementor-widget-text-editor\" data-id=\"36dd0bd\" data-element_type=\"widget\" data-e-type=\"widget\" data-widget_type=\"text-editor.default\">\n\t\t\t\t<div class=\"elementor-widget-container\">\n\t\t\t\t\t\t\t\t\t<p><strong>Consulta gratuita por accidente por quemaduras<\/strong><\/p>\t\t\t\t\t\t\t\t<\/div>\n\t\t\t\t<\/div>\n\t\t\t\t<div class=\"elementor-element elementor-element-ab03312 elementor-widget elementor-widget-template\" data-id=\"ab03312\" data-element_type=\"widget\" data-e-type=\"widget\" data-widget_type=\"template.default\">\n\t\t\t\t<div class=\"elementor-widget-container\">\n\t\t\t\t\t\t\t<div class=\"elementor-template\">\n\t\t\t\t\t<div data-elementor-type=\"section\" data-elementor-id=\"7616\" class=\"elementor elementor-7616\" data-elementor-post-type=\"elementor_library\">\n\t\t\t\t\t<section class=\"elementor-section elementor-top-section elementor-element elementor-element-8e67607 elementor-section-full_width elementor-section-height-default elementor-section-height-default\" data-id=\"8e67607\" data-element_type=\"section\" data-e-type=\"section\">\n\t\t\t\t\t\t<div class=\"elementor-container elementor-column-gap-no\">\n\t\t\t\t\t<div class=\"elementor-column elementor-col-100 elementor-top-column elementor-element elementor-element-fb487c6\" data-id=\"fb487c6\" data-element_type=\"column\" data-e-type=\"column\">\n\t\t\t<div class=\"elementor-widget-wrap elementor-element-populated\">\n\t\t\t\t\t\t<div class=\"elementor-element elementor-element-0f89f6f elementor-widget elementor-widget-html\" data-id=\"0f89f6f\" data-element_type=\"widget\" data-e-type=\"widget\" data-widget_type=\"html.default\">\n\t\t\t\t<div class=\"elementor-widget-container\">\n\t\t\t\t\t<script type=\"text\/javascript\" src=\"https:\/\/ramoslaw-smspi.formstack.com\/forms\/js.php\/ramos_law_free_case_evaluation_request\"><\/script><noscript><a href=\"https:\/\/ramoslaw-smspi.formstack.com\/forms\/ramos_law_free_case_evaluation_request\" title=\"Formulario en l\u00ednea\" target=\"_blank\" rel=\"noopener\">Formulario en l\u00ednea - Ramos Law: Solicitud de evaluaci\u00f3n gratuita de casos<\/a><\/noscript>\t\t\t\t<\/div>\n\t\t\t\t<\/div>\n\t\t\t\t\t<\/div>\n\t\t<\/div>\n\t\t\t\t\t<\/div>\n\t\t<\/section>\n\t\t\t\t<\/div>\n\t\t\t\t<\/div>\n\t\t\t\t\t\t<\/div>\n\t\t\t\t<\/div>\n\t\t\t\t\t<\/div>\n\t\t<\/div>\n\t\t\t\t\t<\/div>\n\t\t<\/section>\n\t\t\t\t<section class=\"elementor-section elementor-inner-section elementor-element elementor-element-48b76de custom-posts elementor-section-boxed elementor-section-height-default elementor-section-height-default\" data-id=\"48b76de\" data-element_type=\"section\" data-e-type=\"section\">\n\t\t\t\t\t\t<div class=\"elementor-container elementor-column-gap-no\">\n\t\t\t\t\t<div class=\"elementor-column elementor-col-100 elementor-inner-column elementor-element elementor-element-fff22a7\" data-id=\"fff22a7\" data-element_type=\"column\" data-e-type=\"column\">\n\t\t\t<div class=\"elementor-widget-wrap elementor-element-populated\">\n\t\t\t\t\t\t<div class=\"elementor-element elementor-element-9e2034e elementor-widget elementor-widget-shortcode\" data-id=\"9e2034e\" data-element_type=\"widget\" data-e-type=\"widget\" data-widget_type=\"shortcode.default\">\n\t\t\t\t<div class=\"elementor-widget-container\">\n\t\t\t\t\t\t\t<div class=\"elementor-shortcode\"><div data-src=\"https:\/\/cdn.trustindex.io\/loader.js?22c3487467a43411d9860b855a1\"><\/div><\/div>\n\t\t\t\t\t\t<\/div>\n\t\t\t\t<\/div>\n\t\t\t\t\t<\/div>\n\t\t<\/div>\n\t\t\t\t\t<\/div>\n\t\t<\/section>\n\t\t\t\t\t<\/div>\n\t\t<\/div>\n\t\t\t\t\t<\/div>\n\t\t<\/section>\n\t\t\t\t<section class=\"elementor-section elementor-top-section elementor-element elementor-element-1b726bea elementor-section-content-middle elementor-section-boxed elementor-section-height-default elementor-section-height-default\" data-id=\"1b726bea\" data-element_type=\"section\" data-e-type=\"section\" data-settings=\"{&quot;background_background&quot;:&quot;classic&quot;}\">\n\t\t\t\t\t\t<div class=\"elementor-container elementor-column-gap-default\">\n\t\t\t\t\t<div class=\"elementor-column elementor-col-50 elementor-top-column elementor-element elementor-element-7b8e6ddb\" data-id=\"7b8e6ddb\" data-element_type=\"column\" data-e-type=\"column\" data-settings=\"{&quot;background_background&quot;:&quot;classic&quot;}\">\n\t\t\t<div class=\"elementor-widget-wrap elementor-element-populated\">\n\t\t\t\t\t\t<div class=\"elementor-element elementor-element-22795073 elementor-widget elementor-widget-dual-headline\" data-id=\"22795073\" data-element_type=\"widget\" data-e-type=\"widget\" data-widget_type=\"dual-headline.default\">\n\t\t\t\t<div class=\"elementor-widget-container\">\n\t\t\t\t\t<h3 id=\"\" class=\"elementor-heading-title clix-dual-headline emphasis-part-1 layout-inline h3\"><span class=\"part-1\">\u00bfHas resultado<\/span> <span class=\"part-2\">Herido en una lesi\u00f3n por quemaduras?<\/span><\/h3>\t\t\t\t<\/div>\n\t\t\t\t<\/div>\n\t\t\t\t\t<\/div>\n\t\t<\/div>\n\t\t\t\t<div class=\"elementor-column elementor-col-50 elementor-top-column elementor-element elementor-element-436119ea\" data-id=\"436119ea\" data-element_type=\"column\" data-e-type=\"column\" data-settings=\"{&quot;background_background&quot;:&quot;classic&quot;}\">\n\t\t\t<div class=\"elementor-widget-wrap elementor-element-populated\">\n\t\t\t\t\t\t<div class=\"elementor-element elementor-element-7199057d elementor-align-center elementor-widget elementor-widget-button\" data-id=\"7199057d\" data-element_type=\"widget\" data-e-type=\"widget\" data-widget_type=\"button.default\">\n\t\t\t\t<div class=\"elementor-widget-container\">\n\t\t\t\t\t\t\t\t\t<div class=\"elementor-button-wrapper\">\n\t\t\t\t\t<a class=\"elementor-button elementor-button-link elementor-size-sm\" href=\"\/es\/cresta-de-trigo-de-denver\/\">\n\t\t\t\t\t\t<span class=\"elementor-button-content-wrapper\">\n\t\t\t\t\t\t\t\t\t<span class=\"elementor-button-text\">\u00a1Ponte en contacto con nosotros!<\/span>\n\t\t\t\t\t<\/span>\n\t\t\t\t\t<\/a>\n\t\t\t\t<\/div>\n\t\t\t\t\t\t\t\t<\/div>\n\t\t\t\t<\/div>\n\t\t\t\t\t<\/div>\n\t\t<\/div>\n\t\t\t\t\t<\/div>\n\t\t<\/section>\n\t\t\t\t<\/div>","protected":false},"excerpt":{"rendered":"<p>Si usted o un ser querido sufri\u00f3 una quemadura grave por la negligencia de otra persona, puede tener derecho a una indemnizaci\u00f3n. Ramos Law puede ayudarle. P\u00f3ngase en contacto con nosotros hoy mismo.<\/p>","protected":false},"author":12,"featured_media":1522,"parent":4311,"menu_order":1,"comment_status":"closed","ping_status":"closed","template":"","meta":{"footnotes":""},"class_list":["post-8703","page","type-page","status-publish","has-post-thumbnail","hentry"],"_links":{"self":[{"href":"https:\/\/www.ramoslaw.com\/es\/wp-json\/wp\/v2\/pages\/8703","targetHints":{"allow":["GET"]}}],"collection":[{"href":"https:\/\/www.ramoslaw.com\/es\/wp-json\/wp\/v2\/pages"}],"about":[{"href":"https:\/\/www.ramoslaw.com\/es\/wp-json\/wp\/v2\/types\/page"}],"author":[{"embeddable":true,"href":"https:\/\/www.ramoslaw.com\/es\/wp-json\/wp\/v2\/users\/12"}],"replies":[{"embeddable":true,"href":"https:\/\/www.ramoslaw.com\/es\/wp-json\/wp\/v2\/comments?post=8703"}],"version-history":[{"count":0,"href":"https:\/\/www.ramoslaw.com\/es\/wp-json\/wp\/v2\/pages\/8703\/revisions"}],"up":[{"embeddable":true,"href":"https:\/\/www.ramoslaw.com\/es\/wp-json\/wp\/v2\/pages\/4311"}],"wp:featuredmedia":[{"embeddable":true,"href":"https:\/\/www.ramoslaw.com\/es\/wp-json\/"}],"wp:attachment":[{"href":"https:\/\/www.ramoslaw.com\/es\/wp-json\/wp\/v2\/media?parent=8703"}],"curies":[{"name":"Gracias","href":"https:\/\/api.w.org\/{rel}","templated":true}]}}