{"id":8372,"date":"2023-01-05T20:08:40","date_gmt":"2023-01-05T20:08:40","guid":{"rendered":"https:\/\/www.ramoslaw.com\/?page_id=8372"},"modified":"2025-09-05T15:17:30","modified_gmt":"2025-09-05T21:17:30","slug":"maria-vilchez","status":"publish","type":"page","link":"https:\/\/www.ramoslaw.com\/es\/our-team\/maria-vilchez\/","title":{"rendered":"Mar\u00eda Vilchez"},"content":{"rendered":"<div data-elementor-type=\"wp-page\" data-elementor-id=\"8372\" class=\"elementor elementor-8372\" data-elementor-post-type=\"page\">\n\t\t\t\t\t\t<section class=\"elementor-section elementor-top-section elementor-element elementor-element-4adc8ecc elementor-section-height-min-height elementor-section-items-stretch elementor-section-boxed elementor-section-height-default\" data-id=\"4adc8ecc\" data-element_type=\"section\" data-e-type=\"section\" data-settings=\"{&quot;background_background&quot;:&quot;gradient&quot;}\">\n\t\t\t\t\t\t<div class=\"elementor-container elementor-column-gap-no\">\n\t\t\t\t\t<div class=\"elementor-column elementor-col-50 elementor-top-column elementor-element elementor-element-5f8159d7\" data-id=\"5f8159d7\" data-element_type=\"column\" data-e-type=\"column\" data-settings=\"{&quot;background_background&quot;:&quot;classic&quot;}\">\n\t\t\t<div class=\"elementor-widget-wrap elementor-element-populated\">\n\t\t\t\t\t\t<div class=\"elementor-element elementor-element-55a7a54d elementor-widget elementor-widget-spacer\" data-id=\"55a7a54d\" data-element_type=\"widget\" data-e-type=\"widget\" data-widget_type=\"spacer.default\">\n\t\t\t\t<div class=\"elementor-widget-container\">\n\t\t\t\t\t\t\t<div class=\"elementor-spacer\">\n\t\t\t<div class=\"elementor-spacer-inner\"><\/div>\n\t\t<\/div>\n\t\t\t\t\t\t<\/div>\n\t\t\t\t<\/div>\n\t\t\t\t\t<\/div>\n\t\t<\/div>\n\t\t\t\t<div class=\"elementor-column elementor-col-50 elementor-top-column elementor-element elementor-element-2190e848\" data-id=\"2190e848\" data-element_type=\"column\" data-e-type=\"column\" data-settings=\"{&quot;background_background&quot;:&quot;classic&quot;}\">\n\t\t\t<div class=\"elementor-widget-wrap elementor-element-populated\">\n\t\t\t\t\t\t<div class=\"elementor-element elementor-element-e7f24b5 elementor-widget elementor-widget-dual-headline\" data-id=\"e7f24b5\" data-element_type=\"widget\" data-e-type=\"widget\" data-widget_type=\"dual-headline.default\">\n\t\t\t\t<div class=\"elementor-widget-container\">\n\t\t\t\t\t<h1 id=\"\" class=\"elementor-heading-title clix-dual-headline emphasis-part-2 layout-stacked h1\"><span class=\"part-1\">Mar\u00eda<\/span> <span class=\"part-2\">V\u00edlchez<\/span><\/h1>\t\t\t\t<\/div>\n\t\t\t\t<\/div>\n\t\t\t\t<div class=\"elementor-element elementor-element-ddbc52b elementor-widget elementor-widget-heading\" data-id=\"ddbc52b\" data-element_type=\"widget\" data-e-type=\"widget\" data-widget_type=\"heading.default\">\n\t\t\t\t<div class=\"elementor-widget-container\">\n\t\t\t\t\t<p class=\"elementor-heading-title elementor-size-default\">Asistente legal, pre-litigio<\/p>\t\t\t\t<\/div>\n\t\t\t\t<\/div>\n\t\t\t\t<div class=\"elementor-element elementor-element-6a7b026e elementor-align-left elementor-widget elementor-widget-button\" data-id=\"6a7b026e\" data-element_type=\"widget\" data-e-type=\"widget\" data-widget_type=\"button.default\">\n\t\t\t\t<div class=\"elementor-widget-container\">\n\t\t\t\t\t\t\t\t\t<div class=\"elementor-button-wrapper\">\n\t\t\t\t\t<a class=\"elementor-button elementor-button-link elementor-size-sm\" href=\"\/es\/contacto\/\">\n\t\t\t\t\t\t<span class=\"elementor-button-content-wrapper\">\n\t\t\t\t\t\t\t\t\t<span class=\"elementor-button-text\">Cont\u00e1ctenos<\/span>\n\t\t\t\t\t<\/span>\n\t\t\t\t\t<\/a>\n\t\t\t\t<\/div>\n\t\t\t\t\t\t\t\t<\/div>\n\t\t\t\t<\/div>\n\t\t\t\t\t<\/div>\n\t\t<\/div>\n\t\t\t\t\t<\/div>\n\t\t<\/section>\n\t\t\t\t<section class=\"elementor-section elementor-top-section elementor-element elementor-element-18047fd7 elementor-section-boxed elementor-section-height-default elementor-section-height-default\" data-id=\"18047fd7\" data-element_type=\"section\" data-e-type=\"section\">\n\t\t\t\t\t\t<div class=\"elementor-container elementor-column-gap-default\">\n\t\t\t\t\t<div class=\"elementor-column elementor-col-66 elementor-top-column elementor-element elementor-element-507c0a2a\" data-id=\"507c0a2a\" data-element_type=\"column\" data-e-type=\"column\" data-settings=\"{&quot;background_background&quot;:&quot;classic&quot;}\">\n\t\t\t<div class=\"elementor-widget-wrap elementor-element-populated\">\n\t\t\t\t\t\t<div class=\"elementor-element elementor-element-64dd2193 elementor-widget elementor-widget-dual-headline\" data-id=\"64dd2193\" data-element_type=\"widget\" data-e-type=\"widget\" data-widget_type=\"dual-headline.default\">\n\t\t\t\t<div class=\"elementor-widget-container\">\n\t\t\t\t\t<h2 id=\"\" class=\"elementor-heading-title clix-dual-headline emphasis-part-2 layout-stacked h2\"><span class=\"part-1\">Acerca de<\/span> <span class=\"part-2\">Mar\u00eda Vilchez<\/span><\/h2>\t\t\t\t<\/div>\n\t\t\t\t<\/div>\n\t\t\t\t<div class=\"elementor-element elementor-element-10b31099 elementor-widget elementor-widget-text-editor\" data-id=\"10b31099\" data-element_type=\"widget\" data-e-type=\"widget\" data-widget_type=\"text-editor.default\">\n\t\t\t\t<div class=\"elementor-widget-container\">\n\t\t\t\t\t\t\t\t\t<p>\u00a1Hola! Me llamo Mar\u00eda V\u00edlchez. Soy asistente legal prelitigante en nuestra oficina Ramos Law de Arizona.<\/p><p>Me un\u00ed a Ramos Law en 2022 porque la perspectiva de familiarizarme con c\u00f3mo funciona la ley en los Estados Unidos me entusiasmaba y despertaba una enorme curiosidad. <br \/>Soy originaria de Costa Rica, donde recientemente me gradu\u00e9 de la Facultad de Derecho y aprob\u00e9 el examen de abogado en mi pa\u00eds. Trabaj\u00e9 en la Corte Suprema durante aproximadamente dos a\u00f1os antes de incorporarme a Ramos Law y, a trav\u00e9s de mis experiencias all\u00ed, me he convertido en una persona emp\u00e1tica que intenta hacer lo correcto por las personas y ayudarlas lo mejor que puede.<\/p><p>Algunas de mis habilidades incluyen la atenci\u00f3n a los detalles, el an\u00e1lisis y la creatividad. Creo que la lecci\u00f3n m\u00e1s importante que he aprendido a lo largo de mi carrera es que siempre debemos esforzarnos por ser compasivos, porque nunca sabemos cu\u00e1ndo una peque\u00f1a acci\u00f3n puede cambiar la vida de alguien de manera importante.<\/p><p>Disfruto tanto de la lectura que leo al menos dos libros por semana, y eso va de la mano con mi pasi\u00f3n por escribir. Otro pasatiempo que ocupa un lugar especial en mi coraz\u00f3n es cantar y hacer m\u00fasica.<\/p><p>Estoy feliz de ser parte de la familia Ramos Law porque realmente siento que me valoran como ser humano. Recuerda que Ramos Law siempre est\u00e1 aqu\u00ed para ayudar. Si alguna vez necesitas algo, no dudes en comunicarte con nosotros.<\/p>\t\t\t\t\t\t\t\t<\/div>\n\t\t\t\t<\/div>\n\t\t\t\t\t<\/div>\n\t\t<\/div>\n\t\t\t\t<div class=\"elementor-column elementor-col-33 elementor-top-column elementor-element elementor-element-670644fd\" data-id=\"670644fd\" data-element_type=\"column\" data-e-type=\"column\">\n\t\t\t<div class=\"elementor-widget-wrap elementor-element-populated\">\n\t\t\t\t\t\t<section class=\"elementor-section elementor-inner-section elementor-element elementor-element-74198fd0 custom-posts elementor-section-boxed elementor-section-height-default elementor-section-height-default\" data-id=\"74198fd0\" data-element_type=\"section\" data-e-type=\"section\">\n\t\t\t\t\t\t<div class=\"elementor-container elementor-column-gap-no\">\n\t\t\t\t\t<div class=\"elementor-column elementor-col-100 elementor-inner-column elementor-element elementor-element-35364447\" data-id=\"35364447\" data-element_type=\"column\" data-e-type=\"column\">\n\t\t\t<div class=\"elementor-widget-wrap elementor-element-populated\">\n\t\t\t\t\t\t<div class=\"elementor-element elementor-element-2593a71e elementor-align-justify elementor-widget elementor-widget-button\" data-id=\"2593a71e\" data-element_type=\"widget\" data-e-type=\"widget\" data-widget_type=\"button.default\">\n\t\t\t\t<div class=\"elementor-widget-container\">\n\t\t\t\t\t\t\t\t\t<div class=\"elementor-button-wrapper\">\n\t\t\t\t\t<a class=\"elementor-button elementor-button-link elementor-size-sm\" href=\"\/es\/lesion-personal-2\/\">\n\t\t\t\t\t\t<span class=\"elementor-button-content-wrapper\">\n\t\t\t\t\t\t\t\t\t<span class=\"elementor-button-text\">Casos de \nLesiones Personales<\/span>\n\t\t\t\t\t<\/span>\n\t\t\t\t\t<\/a>\n\t\t\t\t<\/div>\n\t\t\t\t\t\t\t\t<\/div>\n\t\t\t\t<\/div>\n\t\t\t\t<div class=\"elementor-element elementor-element-4d03001c elementor-align-justify elementor-widget elementor-widget-button\" data-id=\"4d03001c\" data-element_type=\"widget\" data-e-type=\"widget\" data-widget_type=\"button.default\">\n\t\t\t\t<div class=\"elementor-widget-container\">\n\t\t\t\t\t\t\t\t\t<div class=\"elementor-button-wrapper\">\n\t\t\t\t\t<a class=\"elementor-button elementor-button-link elementor-size-sm\" href=\"\/es\/sobre-nosotros-2\/\">\n\t\t\t\t\t\t<span class=\"elementor-button-content-wrapper\">\n\t\t\t\t\t\t\t\t\t<span class=\"elementor-button-text\">\u00bfEn qu\u00e9 somos diferentes?<\/span>\n\t\t\t\t\t<\/span>\n\t\t\t\t\t<\/a>\n\t\t\t\t<\/div>\n\t\t\t\t\t\t\t\t<\/div>\n\t\t\t\t<\/div>\n\t\t\t\t<div class=\"elementor-element elementor-element-3bfaa944 elementor-align-justify elementor-widget elementor-widget-button\" data-id=\"3bfaa944\" data-element_type=\"widget\" data-e-type=\"widget\" data-widget_type=\"button.default\">\n\t\t\t\t<div class=\"elementor-widget-container\">\n\t\t\t\t\t\t\t\t\t<div class=\"elementor-button-wrapper\">\n\t\t\t\t\t<a class=\"elementor-button elementor-button-link elementor-size-sm\" href=\"\/es\/contacto\/\">\n\t\t\t\t\t\t<span class=\"elementor-button-content-wrapper\">\n\t\t\t\t\t\t\t\t\t<span class=\"elementor-button-text\">Cont\u00e1ctenos<\/span>\n\t\t\t\t\t<\/span>\n\t\t\t\t\t<\/a>\n\t\t\t\t<\/div>\n\t\t\t\t\t\t\t\t<\/div>\n\t\t\t\t<\/div>\n\t\t\t\t\t<\/div>\n\t\t<\/div>\n\t\t\t\t\t<\/div>\n\t\t<\/section>\n\t\t\t\t\t<\/div>\n\t\t<\/div>\n\t\t\t\t\t<\/div>\n\t\t<\/section>\n\t\t\t\t<section class=\"elementor-section elementor-top-section elementor-element elementor-element-391c2cba elementor-section-content-middle elementor-section-boxed elementor-section-height-default elementor-section-height-default\" data-id=\"391c2cba\" data-element_type=\"section\" data-e-type=\"section\" data-settings=\"{&quot;background_background&quot;:&quot;classic&quot;}\">\n\t\t\t\t\t\t<div class=\"elementor-container elementor-column-gap-default\">\n\t\t\t\t\t<div class=\"elementor-column elementor-col-50 elementor-top-column elementor-element elementor-element-2ff72941\" data-id=\"2ff72941\" data-element_type=\"column\" data-e-type=\"column\" data-settings=\"{&quot;background_background&quot;:&quot;classic&quot;}\">\n\t\t\t<div class=\"elementor-widget-wrap elementor-element-populated\">\n\t\t\t\t\t\t<div class=\"elementor-element elementor-element-31da85e0 cta-headline elementor-widget elementor-widget-dual-headline\" data-id=\"31da85e0\" data-element_type=\"widget\" data-e-type=\"widget\" data-widget_type=\"dual-headline.default\">\n\t\t\t\t<div class=\"elementor-widget-container\">\n\t\t\t\t\t<h3 id=\"\" class=\"elementor-heading-title clix-dual-headline emphasis-part-1 layout-inline h3\"><span class=\"part-1\">CONSULTA<\/span> <span class=\"part-2\">GRATUITA<\/span><\/h3>\t\t\t\t<\/div>\n\t\t\t\t<\/div>\n\t\t\t\t\t<\/div>\n\t\t<\/div>\n\t\t\t\t<div class=\"elementor-column elementor-col-50 elementor-top-column elementor-element elementor-element-20f5f1af\" data-id=\"20f5f1af\" data-element_type=\"column\" data-e-type=\"column\" data-settings=\"{&quot;background_background&quot;:&quot;classic&quot;}\">\n\t\t\t<div class=\"elementor-widget-wrap elementor-element-populated\">\n\t\t\t\t\t\t<div class=\"elementor-element elementor-element-78779bfd elementor-align-center elementor-widget elementor-widget-button\" data-id=\"78779bfd\" data-element_type=\"widget\" data-e-type=\"widget\" data-widget_type=\"button.default\">\n\t\t\t\t<div class=\"elementor-widget-container\">\n\t\t\t\t\t\t\t\t\t<div class=\"elementor-button-wrapper\">\n\t\t\t\t\t<a class=\"elementor-button elementor-button-link elementor-size-sm\" href=\"\/es\/contacto\/\">\n\t\t\t\t\t\t<span class=\"elementor-button-content-wrapper\">\n\t\t\t\t\t\t\t\t\t<span class=\"elementor-button-text\">\u00a1Ponte en contacto con nosotros!<\/span>\n\t\t\t\t\t<\/span>\n\t\t\t\t\t<\/a>\n\t\t\t\t<\/div>\n\t\t\t\t\t\t\t\t<\/div>\n\t\t\t\t<\/div>\n\t\t\t\t\t<\/div>\n\t\t<\/div>\n\t\t\t\t\t<\/div>\n\t\t<\/section>\n\t\t\t\t<\/div>","protected":false},"excerpt":{"rendered":"<p>Maria Vilchez Paralegal, Pre-litigation Contact Us About Maria Vilchez Hi, there! My name is Mar\u00eda V\u00edlchez. I am a Pre-litigation Paralegal at our Ramos Law Arizona office. I joined Ramos Law in 2022 because the prospect of getting acquainted with how the law works in the United States both excited me and sparked tremendous curiosity. [&hellip;]<\/p>\n","protected":false},"author":12,"featured_media":0,"parent":7166,"menu_order":0,"comment_status":"closed","ping_status":"closed","template":"","meta":{"footnotes":""},"class_list":["post-8372","page","type-page","status-publish","hentry"],"_links":{"self":[{"href":"https:\/\/www.ramoslaw.com\/es\/wp-json\/wp\/v2\/pages\/8372","targetHints":{"allow":["GET"]}}],"collection":[{"href":"https:\/\/www.ramoslaw.com\/es\/wp-json\/wp\/v2\/pages"}],"about":[{"href":"https:\/\/www.ramoslaw.com\/es\/wp-json\/wp\/v2\/types\/page"}],"author":[{"embeddable":true,"href":"https:\/\/www.ramoslaw.com\/es\/wp-json\/wp\/v2\/users\/12"}],"replies":[{"embeddable":true,"href":"https:\/\/www.ramoslaw.com\/es\/wp-json\/wp\/v2\/comments?post=8372"}],"version-history":[{"count":0,"href":"https:\/\/www.ramoslaw.com\/es\/wp-json\/wp\/v2\/pages\/8372\/revisions"}],"up":[{"embeddable":true,"href":"https:\/\/www.ramoslaw.com\/es\/wp-json\/wp\/v2\/pages\/7166"}],"wp:attachment":[{"href":"https:\/\/www.ramoslaw.com\/es\/wp-json\/wp\/v2\/media?parent=8372"}],"curies":[{"name":"Gracias","href":"https:\/\/api.w.org\/{rel}","templated":true}]}}