{"id":7963,"date":"2022-05-25T15:18:19","date_gmt":"2022-05-25T15:18:19","guid":{"rendered":"https:\/\/www.ramoslaw.com\/?page_id=7963"},"modified":"2026-03-30T11:29:22","modified_gmt":"2026-03-30T17:29:22","slug":"brenda-rodriguez","status":"publish","type":"page","link":"https:\/\/www.ramoslaw.com\/es\/our-team\/brenda-rodriguez\/","title":{"rendered":"Brenda Rodr\u00edguez"},"content":{"rendered":"<div data-elementor-type=\"wp-page\" data-elementor-id=\"7963\" class=\"elementor elementor-7963\" data-elementor-post-type=\"page\">\n\t\t\t\t\t\t<section class=\"elementor-section elementor-top-section elementor-element elementor-element-3777dbca elementor-section-height-min-height elementor-section-items-stretch elementor-section-boxed elementor-section-height-default\" data-id=\"3777dbca\" data-element_type=\"section\" data-e-type=\"section\" data-settings=\"{&quot;background_background&quot;:&quot;gradient&quot;}\">\n\t\t\t\t\t\t<div class=\"elementor-container elementor-column-gap-no\">\n\t\t\t\t\t<div class=\"elementor-column elementor-col-50 elementor-top-column elementor-element elementor-element-67765e1d\" data-id=\"67765e1d\" data-element_type=\"column\" data-e-type=\"column\" data-settings=\"{&quot;background_background&quot;:&quot;classic&quot;}\">\n\t\t\t<div class=\"elementor-widget-wrap elementor-element-populated\">\n\t\t\t\t\t\t<div class=\"elementor-element elementor-element-78d77742 elementor-widget elementor-widget-spacer\" data-id=\"78d77742\" data-element_type=\"widget\" data-e-type=\"widget\" data-widget_type=\"spacer.default\">\n\t\t\t\t<div class=\"elementor-widget-container\">\n\t\t\t\t\t\t\t<div class=\"elementor-spacer\">\n\t\t\t<div class=\"elementor-spacer-inner\"><\/div>\n\t\t<\/div>\n\t\t\t\t\t\t<\/div>\n\t\t\t\t<\/div>\n\t\t\t\t\t<\/div>\n\t\t<\/div>\n\t\t\t\t<div class=\"elementor-column elementor-col-50 elementor-top-column elementor-element elementor-element-45336180\" data-id=\"45336180\" data-element_type=\"column\" data-e-type=\"column\" data-settings=\"{&quot;background_background&quot;:&quot;classic&quot;}\">\n\t\t\t<div class=\"elementor-widget-wrap elementor-element-populated\">\n\t\t\t\t\t\t<div class=\"elementor-element elementor-element-35bf4fb6 elementor-widget elementor-widget-dual-headline\" data-id=\"35bf4fb6\" data-element_type=\"widget\" data-e-type=\"widget\" data-widget_type=\"dual-headline.default\">\n\t\t\t\t<div class=\"elementor-widget-container\">\n\t\t\t\t\t<h1 id=\"\" class=\"elementor-heading-title clix-dual-headline emphasis-part-2 layout-stacked h1\"><span class=\"part-1\">Brenda<\/span> <span class=\"part-2\">Rodr\u00edguez<\/span><\/h1>\t\t\t\t<\/div>\n\t\t\t\t<\/div>\n\t\t\t\t<div class=\"elementor-element elementor-element-7a7f3bc9 elementor-widget elementor-widget-heading\" data-id=\"7a7f3bc9\" data-element_type=\"widget\" data-e-type=\"widget\" data-widget_type=\"heading.default\">\n\t\t\t\t<div class=\"elementor-widget-container\">\n\t\t\t\t\t<p class=\"elementor-heading-title elementor-size-default\">Especialista en recuperaci\u00f3n de registros m\u00e9dicos<\/p>\t\t\t\t<\/div>\n\t\t\t\t<\/div>\n\t\t\t\t<div class=\"elementor-element elementor-element-600f2310 elementor-align-left elementor-widget elementor-widget-button\" data-id=\"600f2310\" data-element_type=\"widget\" data-e-type=\"widget\" data-widget_type=\"button.default\">\n\t\t\t\t<div class=\"elementor-widget-container\">\n\t\t\t\t\t\t\t\t\t<div class=\"elementor-button-wrapper\">\n\t\t\t\t\t<a class=\"elementor-button elementor-button-link elementor-size-sm\" href=\"\/es\/contacto\/\">\n\t\t\t\t\t\t<span class=\"elementor-button-content-wrapper\">\n\t\t\t\t\t\t\t\t\t<span class=\"elementor-button-text\">Cont\u00e1ctenos<\/span>\n\t\t\t\t\t<\/span>\n\t\t\t\t\t<\/a>\n\t\t\t\t<\/div>\n\t\t\t\t\t\t\t\t<\/div>\n\t\t\t\t<\/div>\n\t\t\t\t\t<\/div>\n\t\t<\/div>\n\t\t\t\t\t<\/div>\n\t\t<\/section>\n\t\t\t\t<section class=\"elementor-section elementor-top-section elementor-element elementor-element-2b7d992f elementor-section-boxed elementor-section-height-default elementor-section-height-default\" data-id=\"2b7d992f\" data-element_type=\"section\" data-e-type=\"section\">\n\t\t\t\t\t\t<div class=\"elementor-container elementor-column-gap-default\">\n\t\t\t\t\t<div class=\"elementor-column elementor-col-66 elementor-top-column elementor-element elementor-element-a54bcc5\" data-id=\"a54bcc5\" data-element_type=\"column\" data-e-type=\"column\" data-settings=\"{&quot;background_background&quot;:&quot;classic&quot;}\">\n\t\t\t<div class=\"elementor-widget-wrap elementor-element-populated\">\n\t\t\t\t\t\t<div class=\"elementor-element elementor-element-713d245b elementor-widget elementor-widget-dual-headline\" data-id=\"713d245b\" data-element_type=\"widget\" data-e-type=\"widget\" data-widget_type=\"dual-headline.default\">\n\t\t\t\t<div class=\"elementor-widget-container\">\n\t\t\t\t\t<h2 id=\"\" class=\"elementor-heading-title clix-dual-headline emphasis-part-2 layout-stacked h2\"><span class=\"part-1\">Acerca de<\/span> <span class=\"part-2\">Brenda Rodr\u00edguez<\/span><\/h2>\t\t\t\t<\/div>\n\t\t\t\t<\/div>\n\t\t\t\t<div class=\"elementor-element elementor-element-57be20fe elementor-widget elementor-widget-text-editor\" data-id=\"57be20fe\" data-element_type=\"widget\" data-e-type=\"widget\" data-widget_type=\"text-editor.default\">\n\t\t\t\t<div class=\"elementor-widget-container\">\n\t\t\t\t\t\t\t\t\t<p>\u00a1Hola! Me llamo Brenda. Soy especialista en recuperaci\u00f3n de registros m\u00e9dicos en la firma Ramos Law. Me un\u00ed a Ramos Law en 2022 porque quer\u00eda aprender y explorar un nuevo campo profesional. Tengo mucha experiencia trabajando con mis anteriores empleadores y esa experiencia me ha dado la confianza necesaria para este puesto.<\/p><p>Soy originaria de Colorado, donde tengo m\u00e1s de 10 a\u00f1os de experiencia en atenci\u00f3n al cliente. A trav\u00e9s de mis experiencias, he aprendido a operar con \u00e9xito en todo tipo de entornos... de ritmo r\u00e1pido, de ritmo lento, etc. Mis habilidades var\u00edan desde atenci\u00f3n al cliente hasta trabajo administrativo; la lecci\u00f3n m\u00e1s importante que he aprendido a lo largo de mi carrera es ser paciente y compasiva con los dem\u00e1s. Disfruto escuchando la historia de los dem\u00e1s y, cuando se me da la oportunidad, me encanta ser esa persona que cambia el estado de \u00e1nimo de alguien para bien. Estoy feliz de ser parte de la familia Ramos Law debido a la capacidad de construir una relaci\u00f3n s\u00f3lida con mis colegas y seguir teniendo \u00e9xito en mi carrera.<\/p><p>Fuera de la oficina, disfruto de explorar nuevos lugares en el \u00e1rea de Denver con mis hijos y mi c\u00f3nyuge. Soy una mam\u00e1 superhero\u00edna de tres hermosos hijos, dos varones y una ni\u00f1a. Mis hijos tienen mentes propias llenas de personalidades alegres. Tambi\u00e9n tengo dos gatos a los que considero mis hijos.<\/p><p>Una de mis pasiones es ser un entusiasta de los autom\u00f3viles. Disfruto mirando los autos personalizados que construyen sus propietarios. Tambi\u00e9n me apasiona la m\u00fasica. Me encanta escuchar diferentes tipos de m\u00fasica y asistir a conciertos.<\/p><p>Ramos Law siempre est\u00e1 aqu\u00ed para ayudar. Si alguna vez necesita algo, no dude en comunicarse con nosotros.<\/p>\t\t\t\t\t\t\t\t<\/div>\n\t\t\t\t<\/div>\n\t\t\t\t\t<\/div>\n\t\t<\/div>\n\t\t\t\t<div class=\"elementor-column elementor-col-33 elementor-top-column elementor-element elementor-element-7a07889a\" data-id=\"7a07889a\" data-element_type=\"column\" data-e-type=\"column\">\n\t\t\t<div class=\"elementor-widget-wrap elementor-element-populated\">\n\t\t\t\t\t\t<section class=\"elementor-section elementor-inner-section elementor-element elementor-element-56816016 custom-posts elementor-section-boxed elementor-section-height-default elementor-section-height-default\" data-id=\"56816016\" data-element_type=\"section\" data-e-type=\"section\">\n\t\t\t\t\t\t<div class=\"elementor-container elementor-column-gap-no\">\n\t\t\t\t\t<div class=\"elementor-column elementor-col-100 elementor-inner-column elementor-element elementor-element-8e7fe99\" data-id=\"8e7fe99\" data-element_type=\"column\" data-e-type=\"column\">\n\t\t\t<div class=\"elementor-widget-wrap elementor-element-populated\">\n\t\t\t\t\t\t<div class=\"elementor-element elementor-element-3b49c099 elementor-align-justify elementor-widget elementor-widget-button\" data-id=\"3b49c099\" data-element_type=\"widget\" data-e-type=\"widget\" data-widget_type=\"button.default\">\n\t\t\t\t<div class=\"elementor-widget-container\">\n\t\t\t\t\t\t\t\t\t<div class=\"elementor-button-wrapper\">\n\t\t\t\t\t<a class=\"elementor-button elementor-button-link elementor-size-sm\" href=\"\/es\/lesion-personal-2\/\">\n\t\t\t\t\t\t<span class=\"elementor-button-content-wrapper\">\n\t\t\t\t\t\t\t\t\t<span class=\"elementor-button-text\">Casos de \nLesiones Personales<\/span>\n\t\t\t\t\t<\/span>\n\t\t\t\t\t<\/a>\n\t\t\t\t<\/div>\n\t\t\t\t\t\t\t\t<\/div>\n\t\t\t\t<\/div>\n\t\t\t\t<div class=\"elementor-element elementor-element-2aa0fed8 elementor-align-justify elementor-widget elementor-widget-button\" data-id=\"2aa0fed8\" data-element_type=\"widget\" data-e-type=\"widget\" data-widget_type=\"button.default\">\n\t\t\t\t<div class=\"elementor-widget-container\">\n\t\t\t\t\t\t\t\t\t<div class=\"elementor-button-wrapper\">\n\t\t\t\t\t<a class=\"elementor-button elementor-button-link elementor-size-sm\" href=\"\/es\/sobre-nosotros-2\/\">\n\t\t\t\t\t\t<span class=\"elementor-button-content-wrapper\">\n\t\t\t\t\t\t\t\t\t<span class=\"elementor-button-text\">\u00bfEn qu\u00e9 somos diferentes?<\/span>\n\t\t\t\t\t<\/span>\n\t\t\t\t\t<\/a>\n\t\t\t\t<\/div>\n\t\t\t\t\t\t\t\t<\/div>\n\t\t\t\t<\/div>\n\t\t\t\t<div class=\"elementor-element elementor-element-7af832f5 elementor-align-justify elementor-widget elementor-widget-button\" data-id=\"7af832f5\" data-element_type=\"widget\" data-e-type=\"widget\" data-widget_type=\"button.default\">\n\t\t\t\t<div class=\"elementor-widget-container\">\n\t\t\t\t\t\t\t\t\t<div class=\"elementor-button-wrapper\">\n\t\t\t\t\t<a class=\"elementor-button elementor-button-link elementor-size-sm\" href=\"\/es\/contacto\/\">\n\t\t\t\t\t\t<span class=\"elementor-button-content-wrapper\">\n\t\t\t\t\t\t\t\t\t<span class=\"elementor-button-text\">Cont\u00e1ctenos<\/span>\n\t\t\t\t\t<\/span>\n\t\t\t\t\t<\/a>\n\t\t\t\t<\/div>\n\t\t\t\t\t\t\t\t<\/div>\n\t\t\t\t<\/div>\n\t\t\t\t\t<\/div>\n\t\t<\/div>\n\t\t\t\t\t<\/div>\n\t\t<\/section>\n\t\t\t\t\t<\/div>\n\t\t<\/div>\n\t\t\t\t\t<\/div>\n\t\t<\/section>\n\t\t\t\t<section class=\"elementor-section elementor-top-section elementor-element elementor-element-36c33219 elementor-section-content-middle elementor-section-boxed elementor-section-height-default elementor-section-height-default\" data-id=\"36c33219\" data-element_type=\"section\" data-e-type=\"section\" data-settings=\"{&quot;background_background&quot;:&quot;classic&quot;}\">\n\t\t\t\t\t\t<div class=\"elementor-container elementor-column-gap-default\">\n\t\t\t\t\t<div class=\"elementor-column elementor-col-50 elementor-top-column elementor-element elementor-element-25472c30\" data-id=\"25472c30\" data-element_type=\"column\" data-e-type=\"column\" data-settings=\"{&quot;background_background&quot;:&quot;classic&quot;}\">\n\t\t\t<div class=\"elementor-widget-wrap elementor-element-populated\">\n\t\t\t\t\t\t<div class=\"elementor-element elementor-element-1d1c1709 cta-headline elementor-widget elementor-widget-dual-headline\" data-id=\"1d1c1709\" data-element_type=\"widget\" data-e-type=\"widget\" data-widget_type=\"dual-headline.default\">\n\t\t\t\t<div class=\"elementor-widget-container\">\n\t\t\t\t\t<h3 id=\"\" class=\"elementor-heading-title clix-dual-headline emphasis-part-1 layout-inline h3\"><span class=\"part-1\">CONSULTA<\/span> <span class=\"part-2\">GRATUITA<\/span><\/h3>\t\t\t\t<\/div>\n\t\t\t\t<\/div>\n\t\t\t\t\t<\/div>\n\t\t<\/div>\n\t\t\t\t<div class=\"elementor-column elementor-col-50 elementor-top-column elementor-element elementor-element-10060cb7\" data-id=\"10060cb7\" data-element_type=\"column\" data-e-type=\"column\" data-settings=\"{&quot;background_background&quot;:&quot;classic&quot;}\">\n\t\t\t<div class=\"elementor-widget-wrap elementor-element-populated\">\n\t\t\t\t\t\t<div class=\"elementor-element elementor-element-57a1bac1 elementor-align-center elementor-widget elementor-widget-button\" data-id=\"57a1bac1\" data-element_type=\"widget\" data-e-type=\"widget\" data-widget_type=\"button.default\">\n\t\t\t\t<div class=\"elementor-widget-container\">\n\t\t\t\t\t\t\t\t\t<div class=\"elementor-button-wrapper\">\n\t\t\t\t\t<a class=\"elementor-button elementor-button-link elementor-size-sm\" href=\"\/es\/contacto\/\">\n\t\t\t\t\t\t<span class=\"elementor-button-content-wrapper\">\n\t\t\t\t\t\t\t\t\t<span class=\"elementor-button-text\">\u00a1Ponte en contacto con nosotros!<\/span>\n\t\t\t\t\t<\/span>\n\t\t\t\t\t<\/a>\n\t\t\t\t<\/div>\n\t\t\t\t\t\t\t\t<\/div>\n\t\t\t\t<\/div>\n\t\t\t\t\t<\/div>\n\t\t<\/div>\n\t\t\t\t\t<\/div>\n\t\t<\/section>\n\t\t\t\t<\/div>","protected":false},"excerpt":{"rendered":"<p>Brenda Rodriguez Medical Record Retrieval Specialist Contact Us About Brenda Rodriguez Hello! My name is Brenda. I am one of the medical record retrieval specialist at the Ramos Law Firm. I joined Ramos Law in 2022 because I wanted to learn and explore a new career field. I have many experiences that I gained working [&hellip;]<\/p>\n","protected":false},"author":12,"featured_media":0,"parent":7166,"menu_order":0,"comment_status":"closed","ping_status":"closed","template":"","meta":{"footnotes":""},"class_list":["post-7963","page","type-page","status-publish","hentry"],"_links":{"self":[{"href":"https:\/\/www.ramoslaw.com\/es\/wp-json\/wp\/v2\/pages\/7963","targetHints":{"allow":["GET"]}}],"collection":[{"href":"https:\/\/www.ramoslaw.com\/es\/wp-json\/wp\/v2\/pages"}],"about":[{"href":"https:\/\/www.ramoslaw.com\/es\/wp-json\/wp\/v2\/types\/page"}],"author":[{"embeddable":true,"href":"https:\/\/www.ramoslaw.com\/es\/wp-json\/wp\/v2\/users\/12"}],"replies":[{"embeddable":true,"href":"https:\/\/www.ramoslaw.com\/es\/wp-json\/wp\/v2\/comments?post=7963"}],"version-history":[{"count":0,"href":"https:\/\/www.ramoslaw.com\/es\/wp-json\/wp\/v2\/pages\/7963\/revisions"}],"up":[{"embeddable":true,"href":"https:\/\/www.ramoslaw.com\/es\/wp-json\/wp\/v2\/pages\/7166"}],"wp:attachment":[{"href":"https:\/\/www.ramoslaw.com\/es\/wp-json\/wp\/v2\/media?parent=7963"}],"curies":[{"name":"Gracias","href":"https:\/\/api.w.org\/{rel}","templated":true}]}}