{"id":1357,"date":"2015-08-16T13:17:00","date_gmt":"2015-08-16T13:17:00","guid":{"rendered":"https:\/\/www.ramoslaw.com\/?page_id=1357"},"modified":"2024-02-20T09:07:52","modified_gmt":"2024-02-20T16:07:52","slug":"maria-garcia","status":"publish","type":"page","link":"https:\/\/www.ramoslaw.com\/es\/our-team\/maria-garcia\/","title":{"rendered":"Mar\u00eda Garc\u00eda"},"content":{"rendered":"<div data-elementor-type=\"wp-page\" data-elementor-id=\"1357\" class=\"elementor elementor-1357\" data-elementor-post-type=\"page\">\n\t\t\t\t\t\t<section class=\"elementor-section elementor-top-section elementor-element elementor-element-5bb9978e elementor-section-height-min-height elementor-section-items-stretch elementor-section-boxed elementor-section-height-default\" data-id=\"5bb9978e\" data-element_type=\"section\" data-e-type=\"section\" data-settings=\"{&quot;background_background&quot;:&quot;gradient&quot;}\">\n\t\t\t\t\t\t<div class=\"elementor-container elementor-column-gap-no\">\n\t\t\t\t\t<div class=\"elementor-column elementor-col-50 elementor-top-column elementor-element elementor-element-6951ddf6\" data-id=\"6951ddf6\" data-element_type=\"column\" data-e-type=\"column\" data-settings=\"{&quot;background_background&quot;:&quot;classic&quot;}\">\n\t\t\t<div class=\"elementor-widget-wrap elementor-element-populated\">\n\t\t\t\t\t\t<div class=\"elementor-element elementor-element-5451598d elementor-widget elementor-widget-spacer\" data-id=\"5451598d\" data-element_type=\"widget\" data-e-type=\"widget\" data-widget_type=\"spacer.default\">\n\t\t\t\t<div class=\"elementor-widget-container\">\n\t\t\t\t\t\t\t<div class=\"elementor-spacer\">\n\t\t\t<div class=\"elementor-spacer-inner\"><\/div>\n\t\t<\/div>\n\t\t\t\t\t\t<\/div>\n\t\t\t\t<\/div>\n\t\t\t\t\t<\/div>\n\t\t<\/div>\n\t\t\t\t<div class=\"elementor-column elementor-col-50 elementor-top-column elementor-element elementor-element-3403d173\" data-id=\"3403d173\" data-element_type=\"column\" data-e-type=\"column\" data-settings=\"{&quot;background_background&quot;:&quot;classic&quot;}\">\n\t\t\t<div class=\"elementor-widget-wrap elementor-element-populated\">\n\t\t\t\t\t\t<div class=\"elementor-element elementor-element-2e6ff5f2 elementor-widget elementor-widget-dual-headline\" data-id=\"2e6ff5f2\" data-element_type=\"widget\" data-e-type=\"widget\" data-widget_type=\"dual-headline.default\">\n\t\t\t\t<div class=\"elementor-widget-container\">\n\t\t\t\t\t<h1 id=\"\" class=\"elementor-heading-title clix-dual-headline emphasis-part-2 layout-stacked h1\"><span class=\"part-1\">Mar\u00eda<\/span> <span class=\"part-2\">Garc\u00eda<\/span><\/h1>\t\t\t\t<\/div>\n\t\t\t\t<\/div>\n\t\t\t\t<div class=\"elementor-element elementor-element-1609e02c elementor-widget elementor-widget-heading\" data-id=\"1609e02c\" data-element_type=\"widget\" data-e-type=\"widget\" data-widget_type=\"heading.default\">\n\t\t\t\t<div class=\"elementor-widget-container\">\n\t\t\t\t\t<p class=\"elementor-heading-title elementor-size-default\">Especialista en cuentas de clientes<\/p>\t\t\t\t<\/div>\n\t\t\t\t<\/div>\n\t\t\t\t<div class=\"elementor-element elementor-element-a516974 elementor-widget__width-initial elementor-widget elementor-widget-text-editor\" data-id=\"a516974\" data-element_type=\"widget\" data-e-type=\"widget\" data-widget_type=\"text-editor.default\">\n\t\t\t\t<div class=\"elementor-widget-container\">\n\t\t\t\t\t\t\t\t\t<p>Mar\u00eda Garc\u00eda es una asistente gerente de oficina biling\u00fce que ofrece asistencia en lesiones personales, derecho laboral y discapacidad del seguro social en Denver, Boulder, Fort Collins y \u00e1reas circundantes.<\/p>\t\t\t\t\t\t\t\t<\/div>\n\t\t\t\t<\/div>\n\t\t\t\t<section class=\"elementor-section elementor-inner-section elementor-element elementor-element-7e624af6 elementor-section-boxed elementor-section-height-default elementor-section-height-default\" data-id=\"7e624af6\" data-element_type=\"section\" data-e-type=\"section\">\n\t\t\t\t\t\t<div class=\"elementor-container elementor-column-gap-no\">\n\t\t\t\t\t<div class=\"elementor-column elementor-col-100 elementor-inner-column elementor-element elementor-element-72176a86\" data-id=\"72176a86\" data-element_type=\"column\" data-e-type=\"column\">\n\t\t\t<div class=\"elementor-widget-wrap elementor-element-populated\">\n\t\t\t\t\t\t<div class=\"elementor-element elementor-element-1b09dc16 elementor-widget-divider--view-line_text elementor-widget-divider--element-align-left elementor-widget elementor-widget-divider\" data-id=\"1b09dc16\" data-element_type=\"widget\" data-e-type=\"widget\" data-widget_type=\"divider.default\">\n\t\t\t\t<div class=\"elementor-widget-container\">\n\t\t\t\t\t\t\t<div class=\"elementor-divider\">\n\t\t\t<span class=\"elementor-divider-separator\">\n\t\t\t\t\t\t\t<h3 class=\"elementor-divider__text elementor-divider__element\">\n\t\t\t\tTel\u00e9fono\t\t\t\t<\/h3>\n\t\t\t\t\t\t<\/span>\n\t\t<\/div>\n\t\t\t\t\t\t<\/div>\n\t\t\t\t<\/div>\n\t\t\t\t<div class=\"elementor-element elementor-element-3df15b0 elementor-widget elementor-widget-text-editor\" data-id=\"3df15b0\" data-element_type=\"widget\" data-e-type=\"widget\" data-widget_type=\"text-editor.default\">\n\t\t\t\t<div class=\"elementor-widget-container\">\n\t\t\t\t\t\t\t\t\t<p><a href=\"tel:(888) 204-1288\">(888) 204-1288<\/a><\/p>\t\t\t\t\t\t\t\t<\/div>\n\t\t\t\t<\/div>\n\t\t\t\t\t<\/div>\n\t\t<\/div>\n\t\t\t\t\t<\/div>\n\t\t<\/section>\n\t\t\t\t<div class=\"elementor-element elementor-element-3cdca050 elementor-align-left elementor-widget elementor-widget-button\" data-id=\"3cdca050\" data-element_type=\"widget\" data-e-type=\"widget\" data-widget_type=\"button.default\">\n\t\t\t\t<div class=\"elementor-widget-container\">\n\t\t\t\t\t\t\t\t\t<div class=\"elementor-button-wrapper\">\n\t\t\t\t\t<a class=\"elementor-button elementor-button-link elementor-size-sm\" href=\"\/es\/contacto\/\">\n\t\t\t\t\t\t<span class=\"elementor-button-content-wrapper\">\n\t\t\t\t\t\t\t\t\t<span class=\"elementor-button-text\">Cont\u00e1ctenos<\/span>\n\t\t\t\t\t<\/span>\n\t\t\t\t\t<\/a>\n\t\t\t\t<\/div>\n\t\t\t\t\t\t\t\t<\/div>\n\t\t\t\t<\/div>\n\t\t\t\t\t<\/div>\n\t\t<\/div>\n\t\t\t\t\t<\/div>\n\t\t<\/section>\n\t\t\t\t<section class=\"elementor-section elementor-top-section elementor-element elementor-element-4c37c191 elementor-section-boxed elementor-section-height-default elementor-section-height-default\" data-id=\"4c37c191\" data-element_type=\"section\" data-e-type=\"section\">\n\t\t\t\t\t\t<div class=\"elementor-container elementor-column-gap-default\">\n\t\t\t\t\t<div class=\"elementor-column elementor-col-66 elementor-top-column elementor-element elementor-element-508af9a5\" data-id=\"508af9a5\" data-element_type=\"column\" data-e-type=\"column\" data-settings=\"{&quot;background_background&quot;:&quot;classic&quot;}\">\n\t\t\t<div class=\"elementor-widget-wrap elementor-element-populated\">\n\t\t\t\t\t\t<div class=\"elementor-element elementor-element-76408536 elementor-widget elementor-widget-dual-headline\" data-id=\"76408536\" data-element_type=\"widget\" data-e-type=\"widget\" data-widget_type=\"dual-headline.default\">\n\t\t\t\t<div class=\"elementor-widget-container\">\n\t\t\t\t\t<h2 id=\"\" class=\"elementor-heading-title clix-dual-headline emphasis-part-2 layout-stacked h2\"><span class=\"part-1\">Acerca de<\/span> <span class=\"part-2\">Mar\u00eda Garc\u00eda<\/span><\/h2>\t\t\t\t<\/div>\n\t\t\t\t<\/div>\n\t\t\t\t<div class=\"elementor-element elementor-element-177fd9a5 elementor-widget elementor-widget-text-editor\" data-id=\"177fd9a5\" data-element_type=\"widget\" data-e-type=\"widget\" data-widget_type=\"text-editor.default\">\n\t\t\t\t<div class=\"elementor-widget-container\">\n\t\t\t\t\t\t\t\t\t<p>Mi nombre es Mar\u00eda Garc\u00eda y soy especialista en cuentas de clientes en Ramos Law y he trabajado con el Dr. Ramos durante m\u00e1s de once a\u00f1os. Comenc\u00e9 trabajando con \u00e9l en su consultorio m\u00e9dico y ahora me he trasladado a su pr\u00e1ctica legal.<\/p><p>Estoy muy orgulloso de mi herencia mexicana y de las oportunidades con las que he sido bendecido aqu\u00ed en los Estados Unidos.<\/p><p>Vivo una vida sencilla y me encantan las cosas peque\u00f1as, como estar al aire libre, ir al cine o simplemente pasar tiempo en casa con la familia y cocinar. Son las peque\u00f1as cosas las que me hacen feliz.<\/p><p>Siempre estoy disponible para ayudar y traducir para nuestros clientes hispanohablantes. No dude en comunicarse conmigo si tiene alguna pregunta. Si no puedo ayudarlo, lo pondr\u00e9 en contacto con alguien que pueda hacerlo. Mi l\u00ednea directa es 303-214-7921 o puede enviarme un correo electr\u00f3nico a\u00a0<a href=\"mailto:maria@ramoslaw.com\">maria@ramoslaw.com<\/a>.<\/p>\t\t\t\t\t\t\t\t<\/div>\n\t\t\t\t<\/div>\n\t\t\t\t<div class=\"elementor-element elementor-element-80476db elementor-widget elementor-widget-dual-headline\" data-id=\"80476db\" data-element_type=\"widget\" data-e-type=\"widget\" data-widget_type=\"dual-headline.default\">\n\t\t\t\t<div class=\"elementor-widget-container\">\n\t\t\t\t\t<h2 id=\"\" class=\"elementor-heading-title clix-dual-headline emphasis-part-2 layout-stacked h2\"><span class=\"part-1\">Acerca de<\/span> <span class=\"part-2\">Mar\u00eda Garc\u00eda<\/span><\/h2>\t\t\t\t<\/div>\n\t\t\t\t<\/div>\n\t\t\t\t<div class=\"elementor-element elementor-element-a2a8553 elementor-widget elementor-widget-text-editor\" data-id=\"a2a8553\" data-element_type=\"widget\" data-e-type=\"widget\" data-widget_type=\"text-editor.default\">\n\t\t\t\t<div class=\"elementor-widget-container\">\n\t\t\t\t\t\t\t\t\t<p>Mi nombre es Mar\u00eda Garc\u00eda y soy una asistente administrativa biling\u00fce en la oficina de Ramos Law. Trabaj\u00f3 con el Dr. Ramos por m\u00e1s de una vez a\u00f1os. Yo comenc\u00e9 a trabajar con \u00e9l en la oficina m\u00e9dica y hoy me transfiri\u00f3 a la oficina legal.<\/p><p>Yo me siento muy orgullosa de mis ra\u00edces mexicanas y las oportunidades con las cuales Dios me ha bendecido aqu\u00ed en Estados Unidos. Vivo una vida simple y amo las cosas peque\u00f1as como disfrutar de actividades al aire libre, ir al cine, pasar tiempo en casa con la familia o cocinar.<\/p><p>Siempre estoy disponible para ayudar y traducir a los clientes que hablan espa\u00f1ol. Por favor si\u00e9ntase con confianza de buscarme para cualquier pregunta que tenga, Si yo no tengo la respuesta, lo comunicar\u00e9 con alguien que la tenga. Mi n\u00famero directo es 303-214-7921 o si gustas puedes mandarme un correo electr\u00f3nico a\u00a0<a href=\"mailto:maria@ramoslaw.com\">maria@ramoslaw.com<\/a>.<\/p>\t\t\t\t\t\t\t\t<\/div>\n\t\t\t\t<\/div>\n\t\t\t\t\t<\/div>\n\t\t<\/div>\n\t\t\t\t<div class=\"elementor-column elementor-col-33 elementor-top-column elementor-element elementor-element-74c53b46\" data-id=\"74c53b46\" data-element_type=\"column\" data-e-type=\"column\">\n\t\t\t<div class=\"elementor-widget-wrap elementor-element-populated\">\n\t\t\t\t\t\t<section class=\"elementor-section elementor-inner-section elementor-element elementor-element-772da576 custom-posts elementor-section-boxed elementor-section-height-default elementor-section-height-default\" data-id=\"772da576\" data-element_type=\"section\" data-e-type=\"section\">\n\t\t\t\t\t\t<div class=\"elementor-container elementor-column-gap-no\">\n\t\t\t\t\t<div class=\"elementor-column elementor-col-100 elementor-inner-column elementor-element elementor-element-5c5684db\" data-id=\"5c5684db\" data-element_type=\"column\" data-e-type=\"column\">\n\t\t\t<div class=\"elementor-widget-wrap elementor-element-populated\">\n\t\t\t\t\t\t<div class=\"elementor-element elementor-element-58875fc2 elementor-align-justify elementor-widget elementor-widget-button\" data-id=\"58875fc2\" data-element_type=\"widget\" data-e-type=\"widget\" data-widget_type=\"button.default\">\n\t\t\t\t<div class=\"elementor-widget-container\">\n\t\t\t\t\t\t\t\t\t<div class=\"elementor-button-wrapper\">\n\t\t\t\t\t<a class=\"elementor-button elementor-button-link elementor-size-sm\" href=\"\/es\/lesion-personal-2\/\">\n\t\t\t\t\t\t<span class=\"elementor-button-content-wrapper\">\n\t\t\t\t\t\t\t\t\t<span class=\"elementor-button-text\">Casos de \nLesiones Personales<\/span>\n\t\t\t\t\t<\/span>\n\t\t\t\t\t<\/a>\n\t\t\t\t<\/div>\n\t\t\t\t\t\t\t\t<\/div>\n\t\t\t\t<\/div>\n\t\t\t\t<div class=\"elementor-element elementor-element-14edee80 elementor-align-justify elementor-widget elementor-widget-button\" data-id=\"14edee80\" data-element_type=\"widget\" data-e-type=\"widget\" data-widget_type=\"button.default\">\n\t\t\t\t<div class=\"elementor-widget-container\">\n\t\t\t\t\t\t\t\t\t<div class=\"elementor-button-wrapper\">\n\t\t\t\t\t<a class=\"elementor-button elementor-button-link elementor-size-sm\" href=\"\/es\/sobre-nosotros-2\/\">\n\t\t\t\t\t\t<span class=\"elementor-button-content-wrapper\">\n\t\t\t\t\t\t\t\t\t<span class=\"elementor-button-text\">\u00bfEn qu\u00e9 somos diferentes?<\/span>\n\t\t\t\t\t<\/span>\n\t\t\t\t\t<\/a>\n\t\t\t\t<\/div>\n\t\t\t\t\t\t\t\t<\/div>\n\t\t\t\t<\/div>\n\t\t\t\t<div class=\"elementor-element elementor-element-799855c8 elementor-align-justify elementor-widget elementor-widget-button\" data-id=\"799855c8\" data-element_type=\"widget\" data-e-type=\"widget\" data-widget_type=\"button.default\">\n\t\t\t\t<div class=\"elementor-widget-container\">\n\t\t\t\t\t\t\t\t\t<div class=\"elementor-button-wrapper\">\n\t\t\t\t\t<a class=\"elementor-button elementor-button-link elementor-size-sm\" href=\"\/es\/contacto\/\">\n\t\t\t\t\t\t<span class=\"elementor-button-content-wrapper\">\n\t\t\t\t\t\t\t\t\t<span class=\"elementor-button-text\">Cont\u00e1ctenos<\/span>\n\t\t\t\t\t<\/span>\n\t\t\t\t\t<\/a>\n\t\t\t\t<\/div>\n\t\t\t\t\t\t\t\t<\/div>\n\t\t\t\t<\/div>\n\t\t\t\t\t<\/div>\n\t\t<\/div>\n\t\t\t\t\t<\/div>\n\t\t<\/section>\n\t\t\t\t\t<\/div>\n\t\t<\/div>\n\t\t\t\t\t<\/div>\n\t\t<\/section>\n\t\t\t\t<section class=\"elementor-section elementor-top-section elementor-element elementor-element-3e899086 elementor-section-content-middle elementor-section-boxed elementor-section-height-default elementor-section-height-default\" data-id=\"3e899086\" data-element_type=\"section\" data-e-type=\"section\" data-settings=\"{&quot;background_background&quot;:&quot;classic&quot;}\">\n\t\t\t\t\t\t<div class=\"elementor-container elementor-column-gap-default\">\n\t\t\t\t\t<div class=\"elementor-column elementor-col-50 elementor-top-column elementor-element elementor-element-20195ca2\" data-id=\"20195ca2\" data-element_type=\"column\" data-e-type=\"column\" data-settings=\"{&quot;background_background&quot;:&quot;classic&quot;}\">\n\t\t\t<div class=\"elementor-widget-wrap elementor-element-populated\">\n\t\t\t\t\t\t<div class=\"elementor-element elementor-element-71d23ae5 cta-headline elementor-widget elementor-widget-dual-headline\" data-id=\"71d23ae5\" data-element_type=\"widget\" data-e-type=\"widget\" data-widget_type=\"dual-headline.default\">\n\t\t\t\t<div class=\"elementor-widget-container\">\n\t\t\t\t\t<h3 id=\"\" class=\"elementor-heading-title clix-dual-headline emphasis-part-1 layout-inline h3\"><span class=\"part-1\">CONSULTA<\/span> <span class=\"part-2\">GRATUITA<\/span><\/h3>\t\t\t\t<\/div>\n\t\t\t\t<\/div>\n\t\t\t\t\t<\/div>\n\t\t<\/div>\n\t\t\t\t<div class=\"elementor-column elementor-col-50 elementor-top-column elementor-element elementor-element-15ba0113\" data-id=\"15ba0113\" data-element_type=\"column\" data-e-type=\"column\" data-settings=\"{&quot;background_background&quot;:&quot;classic&quot;}\">\n\t\t\t<div class=\"elementor-widget-wrap elementor-element-populated\">\n\t\t\t\t\t\t<div class=\"elementor-element elementor-element-64f4b863 elementor-align-center elementor-widget elementor-widget-button\" data-id=\"64f4b863\" data-element_type=\"widget\" data-e-type=\"widget\" data-widget_type=\"button.default\">\n\t\t\t\t<div class=\"elementor-widget-container\">\n\t\t\t\t\t\t\t\t\t<div class=\"elementor-button-wrapper\">\n\t\t\t\t\t<a class=\"elementor-button elementor-button-link elementor-size-sm\" href=\"\/es\/contacto\/\">\n\t\t\t\t\t\t<span class=\"elementor-button-content-wrapper\">\n\t\t\t\t\t\t\t\t\t<span class=\"elementor-button-text\">\u00a1Ponte en contacto con nosotros!<\/span>\n\t\t\t\t\t<\/span>\n\t\t\t\t\t<\/a>\n\t\t\t\t<\/div>\n\t\t\t\t\t\t\t\t<\/div>\n\t\t\t\t<\/div>\n\t\t\t\t\t<\/div>\n\t\t<\/div>\n\t\t\t\t\t<\/div>\n\t\t<\/section>\n\t\t\t\t<\/div>","protected":false},"excerpt":{"rendered":"<p>Mar\u00eda Garc\u00eda es una asistente gerente de oficina biling\u00fce que ofrece asistencia en lesiones personales en Denver, Boulder, Fort Collins y \u00e1reas circundantes.<\/p>","protected":false},"author":11,"featured_media":1826,"parent":7166,"menu_order":7,"comment_status":"closed","ping_status":"closed","template":"","meta":{"footnotes":""},"class_list":["post-1357","page","type-page","status-publish","has-post-thumbnail","hentry"],"_links":{"self":[{"href":"https:\/\/www.ramoslaw.com\/es\/wp-json\/wp\/v2\/pages\/1357","targetHints":{"allow":["GET"]}}],"collection":[{"href":"https:\/\/www.ramoslaw.com\/es\/wp-json\/wp\/v2\/pages"}],"about":[{"href":"https:\/\/www.ramoslaw.com\/es\/wp-json\/wp\/v2\/types\/page"}],"author":[{"embeddable":true,"href":"https:\/\/www.ramoslaw.com\/es\/wp-json\/wp\/v2\/users\/11"}],"replies":[{"embeddable":true,"href":"https:\/\/www.ramoslaw.com\/es\/wp-json\/wp\/v2\/comments?post=1357"}],"version-history":[{"count":0,"href":"https:\/\/www.ramoslaw.com\/es\/wp-json\/wp\/v2\/pages\/1357\/revisions"}],"up":[{"embeddable":true,"href":"https:\/\/www.ramoslaw.com\/es\/wp-json\/wp\/v2\/pages\/7166"}],"wp:featuredmedia":[{"embeddable":true,"href":"https:\/\/www.ramoslaw.com\/es\/wp-json\/"}],"wp:attachment":[{"href":"https:\/\/www.ramoslaw.com\/es\/wp-json\/wp\/v2\/media?parent=1357"}],"curies":[{"name":"Gracias","href":"https:\/\/api.w.org\/{rel}","templated":true}]}}